{"id":987,"date":"2020-03-12T13:37:17","date_gmt":"2020-03-12T13:37:17","guid":{"rendered":"https:\/\/bluebutterfly.etw.hr\/?post_type=product&#038;p=987"},"modified":"2025-06-10T18:26:17","modified_gmt":"2025-06-10T18:26:17","slug":"americki-kamp-engleskog-jezika-u-zagrebu-standard-program-classic","status":"publish","type":"product","link":"https:\/\/bluebutterfly.etw.hr\/en\/camp\/americki-kamp-engleskog-jezika-u-zagrebu-standard-program-classic\/","title":{"rendered":"American English Camp in Zagreb - Classic Program"},"content":{"rendered":"<p><strong>Ameri\u010dki zimski kamp Blue Butterfly u Zagrebu<br \/>\n<\/strong><\/p>\n<ul class=\"custom-attributes\">\n<li><strong><span class=\"attribute-label\">Datum: 18.2.-24.2.2024.<\/span><\/strong><\/li>\n<li class=\"location savudrija-croatia\"><strong><span class=\"attribute-label\">Location: Zagreb, Croatia\u00a0<\/span><\/strong><\/li>\n<li class=\"age 9-17\"><strong><span class=\"attribute-label\">Uzrast: 8<\/span><span class=\"attribute-value\"> \u2013 17 godina<\/span><\/strong><\/li>\n<li class=\"teachers native-speakers translation-block\">Teachers: native speakers<\/li>\n<li><strong>Cijena: 850,00 \u20ac<\/strong><\/li>\n<\/ul>\n<p>&nbsp;<\/p>\n<p><strong>\u00a0<\/strong><strong>Smje\u0161taj je organiziran u TA Snje\u017ena kraljica koji se nalazi na samom vrhu Sljemena u neposrednoj blizini skija\u0161kih staza.<\/strong><\/p>\n<p>Svaki apartman TA Snje\u017ena kraljica ima:<\/p>\n<p>&#8211; odvojenu spava\u0107u sobu s bra\u010dnim le\u017eajem za dvije osobe<br \/>\n&#8211; dnevni boravak s prostorom za sjedenje\/dru\u017eenje\/gledanje TV-a<br \/>\n&#8211; kau\u010d u dnevnom boravku podr\u017eava spavanje jo\u0161 dvije dodatne osobe<br \/>\n&#8211; kompletno opremljenu kuhinju<br \/>\n&#8211; kupaonicu s kadom i toaletom<br \/>\n&#8211; zasebni toalet<br \/>\n&#8211; balkon<\/p>\n<p><strong>Price includes:<\/strong><\/p>\n<ul>\n<li>18 lekcija engleskog jezika tjedno ( 1 lekcija =50 minuta)<\/li>\n<li>testing prior knowledge<\/li>\n<li>professors native speakers<\/li>\n<li>smje\u0161taj u apartmanima<\/li>\n<li>full program of social, cultural and sports activities<\/li>\n<li>full board (breakfast, lunch, dinner)<\/li>\n<li>24-hour surveillance<\/li>\n<li>teaching material<\/li>\n<li>bed linen, laundry service<\/li>\n<li>diploma<\/li>\n<\/ul>\n<p>&nbsp;<\/p>\n<p><strong>Price does not include:<\/strong><\/p>\n<ul>\n<li>excursions<\/li>\n<li>transfers<\/li>\n<li>travel insurance<\/li>\n<\/ul>\n<p>&nbsp;<\/p>\n<p><strong>DOPLATE (min. 20 pla\u0107enih):<\/strong><\/p>\n<p><strong>Half-day excursions<\/strong><\/p>\n<ul>\n<li><strong>Samobor &#8211; 50,00 \u20ac po osobi<\/strong><\/li>\n<\/ul>\n<p>\u0160etnja pitoresknim gradom ujedno i poznatom po krem\u0161nitama. Odlazak u muzej grada Samobora, koji je nekada\u0161nji dvorac Ferde Livadi\u0107a, koji je u njemu okupljao hrvatske preporoditelje.<\/p>\n<p>Cijena uklju\u010duje: prijevoz, pratitelja, ulaznicu za muzej, degustaciju krem\u0161nita<\/p>\n<ul>\n<li><strong>Medvedgrad &#8211; 30,00 \u20ac po osobi<\/strong><\/li>\n<\/ul>\n<p>Na ju\u017enim obroncima Medvednice, na vrhu Mali Plazur smjestio se srednjevjekovni dvorac koji gleda Zagreb preko 8 stolje\u0107a. Sagra\u0111en je 1254., nakon invazije Tatara. Medvedgrad je napu\u0161ten 1590., nakon \u0161to je nastradao u potresu. <strong><br \/>\n<\/strong><\/p>\n<p>Price includes: transfer, tour leader, entrance ticket<\/p>\n<p><strong>Full-day excursions<\/strong><\/p>\n<ul>\n<li><strong>Veliki Tabor &#8211; 70,00 \u20ac po osobi<\/strong><\/li>\n<\/ul>\n<p>Posjet dvorcu Veliki Tabor, razgled s vodi\u010dem, posjet Muzeju krapinskih neandertalaca. Ru\u010dak.<\/p>\n<p>Cijena uklju\u010duje: prijevoz, ulaznice za Veliki Tabor i Muzej neandertalaca, pratitelja i ru\u010dak<\/p>\n<ul>\n<li><strong>Trako\u0161\u0107an &#8211; 80,00 \u20ac po osobi<\/strong><\/li>\n<\/ul>\n<p>Dvorac Trako\u0161\u0107an je kulturno dobro koje se sastoji od dvorca, perivoja i park \u0161ume. Razgled s vodi\u010dem, izlet u Vara\u017edin, razgled s lokalnim vodi\u010dem, posjet Gradskom muzeju. Ru\u010dak.<\/p>\n<p>Cijena uklju\u010duje: prijevoz, ulaznice za dvorac Trako\u0161\u0107an i Gradski muzej, lokalnog vodi\u010da, ru\u010dak<\/p>","protected":false},"excerpt":{"rendered":"<p>Ameri\u010dki zimski kamp Blue Butterfly u Zagrebu Datum: 18.2.-24.2.2024. Lokacija: Zagreb, Hrvatska\u00a0 Uzrast: 8 \u2013 17 godina Profesori: izvorni govornici Cijena: 850,00 \u20ac &nbsp; \u00a0Smje\u0161taj je organiziran u TA Snje\u017ena kraljica koji se nalazi na samom vrhu Sljemena u neposrednoj blizini skija\u0161kih staza. Svaki apartman TA Snje\u017ena kraljica ima: &#8211; odvojenu spava\u0107u sobu s bra\u010dnim [&hellip;]<\/p>\n","protected":false},"featured_media":999,"comment_status":"open","ping_status":"closed","template":"","meta":[],"product_brand":[],"product_cat":[95,24],"product_tag":[120,74,121,118,69,119],"class_list":{"0":"post-987","1":"product","2":"type-product","3":"status-publish","4":"has-post-thumbnail","6":"product_cat-zagreb-language-camp","7":"product_cat-language-camp","8":"product_tag-americki-kamp-engleskog-jezika","9":"product_tag-sljeme","10":"product_tag-tecaj-engleskog-jezika","11":"product_tag-tomislavac","12":"product_tag-zagreb","13":"product_tag-zimski-kamp-engleskog-jezika","14":"tm-no-options","16":"entry","17":"has-media","19":"first","20":"instock","21":"shipping-taxable","22":"purchasable","23":"product-type-simple","24":"has-product-nav","25":"col","26":"span_1_of_3","27":"owp-content-center","28":"owp-thumbs-layout-horizontal","29":"owp-btn-big","30":"owp-tabs-layout-horizontal"},"_links":{"self":[{"href":"https:\/\/bluebutterfly.etw.hr\/en\/wp-json\/wp\/v2\/product\/987","targetHints":{"allow":["GET"]}}],"collection":[{"href":"https:\/\/bluebutterfly.etw.hr\/en\/wp-json\/wp\/v2\/product"}],"about":[{"href":"https:\/\/bluebutterfly.etw.hr\/en\/wp-json\/wp\/v2\/types\/product"}],"replies":[{"embeddable":true,"href":"https:\/\/bluebutterfly.etw.hr\/en\/wp-json\/wp\/v2\/comments?post=987"}],"version-history":[{"count":2,"href":"https:\/\/bluebutterfly.etw.hr\/en\/wp-json\/wp\/v2\/product\/987\/revisions"}],"predecessor-version":[{"id":1945,"href":"https:\/\/bluebutterfly.etw.hr\/en\/wp-json\/wp\/v2\/product\/987\/revisions\/1945"}],"wp:featuredmedia":[{"embeddable":true,"href":"https:\/\/bluebutterfly.etw.hr\/en\/wp-json\/wp\/v2\/media\/999"}],"wp:attachment":[{"href":"https:\/\/bluebutterfly.etw.hr\/en\/wp-json\/wp\/v2\/media?parent=987"}],"wp:term":[{"taxonomy":"product_brand","embeddable":true,"href":"https:\/\/bluebutterfly.etw.hr\/en\/wp-json\/wp\/v2\/product_brand?post=987"},{"taxonomy":"product_cat","embeddable":true,"href":"https:\/\/bluebutterfly.etw.hr\/en\/wp-json\/wp\/v2\/product_cat?post=987"},{"taxonomy":"product_tag","embeddable":true,"href":"https:\/\/bluebutterfly.etw.hr\/en\/wp-json\/wp\/v2\/product_tag?post=987"}],"curies":[{"name":"wp","href":"https:\/\/api.w.org\/{rel}","templated":true}]}}