{"id":701,"date":"2020-01-23T11:34:53","date_gmt":"2020-01-23T11:34:53","guid":{"rendered":"https:\/\/bluebutterfly.etw.hr\/?post_type=product&#038;p=701"},"modified":"2025-06-10T18:34:50","modified_gmt":"2025-06-10T18:34:50","slug":"zimski-kamp-engleskog-jezika-blue-butterfly-zagreb","status":"publish","type":"product","link":"https:\/\/bluebutterfly.etw.hr\/en\/camp\/zimski-kamp-engleskog-jezika-blue-butterfly-zagreb\/","title":{"rendered":"Zimski kamp engleskog jezika Blue Butterfly, Zagreb 2025."},"content":{"rendered":"<h2><strong>Zimski kamp engleskog jezika Blue Butterfly, Zagreb 2025.<br \/>\n<\/strong><\/h2>\n<ul class=\"custom-attributes\">\n<li><strong><span class=\"attribute-label\">Datum: 2.1.-6.1.2025.<\/span><\/strong><\/li>\n<li class=\"location savudrija-croatia\"><strong><span class=\"attribute-label\">Location: Zagreb, Croatia\u00a0<\/span><\/strong><\/li>\n<li class=\"age 9-17\"><strong><span class=\"attribute-label\">Uzrast: 10<\/span><span class=\"attribute-value\">\u00a0\u2013 17 godina<\/span><\/strong><\/li>\n<li class=\"teachers native-speakers translation-block\">Teachers: native speakers<\/li>\n<li><strong>Cijena: 800,00 \u20ac<\/strong><\/li>\n<\/ul>\n<p>&nbsp;<\/p>\n<h3><strong>First minute cijena: 650,00 \u20ac do 15.10.2024.<\/strong><\/h3>\n<p>&nbsp;<\/p>\n<p><img fetchpriority=\"high\" decoding=\"async\" class=\"aligncenter wp-image-1725 size-large\" src=\"https:\/\/bluebutterfly.etw.hr\/wp-content\/uploads\/2020\/01\/cathedral-6567424_1280-1024x680.jpg\" alt=\"\" width=\"1024\" height=\"680\" title=\"\" srcset=\"https:\/\/bluebutterfly.etw.hr\/wp-content\/uploads\/2020\/01\/cathedral-6567424_1280-1024x680.jpg 1024w, https:\/\/bluebutterfly.etw.hr\/wp-content\/uploads\/2020\/01\/cathedral-6567424_1280-300x199.jpg 300w, https:\/\/bluebutterfly.etw.hr\/wp-content\/uploads\/2020\/01\/cathedral-6567424_1280-768x510.jpg 768w, https:\/\/bluebutterfly.etw.hr\/wp-content\/uploads\/2020\/01\/cathedral-6567424_1280-18x12.jpg 18w, https:\/\/bluebutterfly.etw.hr\/wp-content\/uploads\/2020\/01\/cathedral-6567424_1280-15x10.jpg 15w, https:\/\/bluebutterfly.etw.hr\/wp-content\/uploads\/2020\/01\/cathedral-6567424_1280-600x398.jpg 600w, https:\/\/bluebutterfly.etw.hr\/wp-content\/uploads\/2020\/01\/cathedral-6567424_1280.jpg 1280w\" sizes=\"(max-width: 1024px) 100vw, 1024px\" \/><\/p>\n<p>&nbsp;<\/p>\n<p><strong>\u00a0<\/strong><strong>Smje\u0161taj je organiziran u TA Snje\u017ena kraljica koji se nalazi na samom vrhu Sljemena u neposrednoj blizini skija\u0161kih staza.<\/strong><\/p>\n<p>Svaki apartman TA Snje\u017ena kraljica ima:<\/p>\n<p>&#8211; odvojenu spava\u0107u sobu s bra\u010dnim le\u017eajem za dvije osobe<br \/>\n&#8211; dnevni boravak s prostorom za sjedenje\/dru\u017eenje\/gledanje TV-a<br \/>\n&#8211; kau\u010d u dnevnom boravku podr\u017eava spavanje jo\u0161 dvije dodatne osobe<br \/>\n&#8211; kompletno opremljenu kuhinju<br \/>\n&#8211; kupaonicu s kadom i toaletom<br \/>\n&#8211; zasebni toalet<br \/>\n&#8211; balkon<\/p>\n<p><strong>Price includes:<\/strong><\/p>\n<ul>\n<li>15 lekcija engleskog jezika ( 1 lekcija =50 minuta)<\/li>\n<li>testing prior knowledge<\/li>\n<li>professors native speakers<\/li>\n<li>smje\u0161taj u apartmanima<\/li>\n<li>full program of social, cultural and sports activities<\/li>\n<li>full board (breakfast, lunch, dinner)<\/li>\n<li>24-hour surveillance<\/li>\n<li>teaching material<\/li>\n<li>bed linen, laundry service<\/li>\n<li>diploma<\/li>\n<\/ul>\n<p>&nbsp;<\/p>\n<p><strong>Price does not include:<\/strong><\/p>\n<ul>\n<li>excursions<\/li>\n<li>transfers<\/li>\n<li>travel insurance<\/li>\n<\/ul>\n<p>&nbsp;<\/p>\n<p><strong>DOPLATE (min. 20 pla\u0107enih):<\/strong><\/p>\n<p><strong>Half-day excursions<\/strong><\/p>\n<ul>\n<li><strong>Samobor &#8211; 50,00 \u20ac po osobi<\/strong><\/li>\n<\/ul>\n<p>\u0160etnja pitoresknim gradom ujedno i poznatom po krem\u0161nitama. Odlazak u muzej grada Samobora, koji je nekada\u0161nji dvorac Ferde Livadi\u0107a, koji je u njemu okupljao hrvatske preporoditelje.<\/p>\n<p>Cijena uklju\u010duje: prijevoz, pratitelja, ulaznicu za muzej, degustaciju krem\u0161nita<\/p>\n<ul>\n<li><strong>Medvedgrad &#8211; 30,00 \u20ac po osobi<\/strong><\/li>\n<\/ul>\n<p>Na ju\u017enim obroncima Medvednice, na vrhu Mali Plazur smjestio se srednjevjekovni dvorac koji gleda Zagreb preko 8 stolje\u0107a. Sagra\u0111en je 1254., nakon invazije Tatara. Medvedgrad je napu\u0161ten 1590., nakon \u0161to je nastradao u potresu. <strong><br \/>\n<\/strong><\/p>\n<p>Price includes: transfer, tour leader, entrance ticket<\/p>\n<p><strong>Full-day excursions<\/strong><\/p>\n<ul>\n<li><strong>Veliki Tabor &#8211; 70,00 \u20ac po osobi<\/strong><\/li>\n<\/ul>\n<p>Posjet dvorcu Veliki Tabor, razgled s vodi\u010dem, posjet Muzeju krapinskih neandertalaca. Ru\u010dak.<\/p>\n<p>Cijena uklju\u010duje: prijevoz, ulaznice za Veliki Tabor i Muzej neandertalaca, pratitelja i ru\u010dak<\/p>\n<ul>\n<li><strong>Trako\u0161\u0107an &#8211; 80,00 \u20ac po osobi<\/strong><\/li>\n<\/ul>\n<p>Dvorac Trako\u0161\u0107an je kulturno dobro koje se sastoji od dvorca, perivoja i park \u0161ume. Razgled s vodi\u010dem, izlet u Vara\u017edin, razgled s lokalnim vodi\u010dem, posjet Gradskom muzeju. Ru\u010dak.<\/p>\n<p>Cijena uklju\u010duje: prijevoz, ulaznice za dvorac Trako\u0161\u0107an i Gradski muzej, lokalnog vodi\u010da, ru\u010dak<\/p>\n<p>&nbsp;<\/p>\n<p><strong><a href=\"https:\/\/www.amorlingua.com\/testovi\/\" target=\"_blank\" rel=\"noopener\">You do not know your English level? Test your knowledge free of charge with online test from Amor Lingua College and find out how good are you in English!<\/a><\/strong><\/p>\n<p><a href=\"https:\/\/www.amorlingua.com\/testovi\/\" target=\"_blank\" rel=\"noopener\"><strong>Test your knowledge HERE!<\/strong><\/a><\/p>","protected":false},"excerpt":{"rendered":"<p>Zimski kamp engleskog jezika Blue Butterfly, Zagreb 2025. Datum: 2.1.-6.1.2025. Lokacija: Zagreb, Hrvatska\u00a0 Uzrast: 10\u00a0\u2013 17 godina Profesori: izvorni govornici Cijena: 800,00 \u20ac &nbsp; First minute cijena: 650,00 \u20ac do 15.10.2024. &nbsp; &nbsp; \u00a0Smje\u0161taj je organiziran u TA Snje\u017ena kraljica koji se nalazi na samom vrhu Sljemena u neposrednoj blizini skija\u0161kih staza. Svaki apartman TA [&hellip;]<\/p>\n","protected":false},"featured_media":745,"comment_status":"open","ping_status":"closed","template":"","meta":[],"product_brand":[],"product_cat":[24,95],"product_tag":[47,168,79,165,67,35,75,40,166,74,36,167,77,69,78,156],"class_list":{"0":"post-701","1":"product","2":"type-product","3":"status-publish","4":"has-post-thumbnail","6":"product_cat-language-camp","7":"product_cat-zagreb-language-camp","8":"product_tag-blue-butterfly","9":"product_tag-engleski-jezik","10":"product_tag-english-winter-camp","11":"product_tag-kamp-engleskog","12":"product_tag-learn-croatian","13":"product_tag-learn-english","14":"product_tag-medvednica","15":"product_tag-science","16":"product_tag-skola-engleskog","17":"product_tag-sljeme","18":"product_tag-study-english","19":"product_tag-tecaj-engleskog","20":"product_tag-winter-camp","21":"product_tag-zagreb","22":"product_tag-zagreb-winter-camp","23":"product_tag-znanost","24":"tm-no-options","26":"entry","27":"has-media","29":"first","30":"instock","31":"sold-individually","32":"shipping-taxable","33":"purchasable","34":"product-type-simple","35":"has-product-nav","36":"col","37":"span_1_of_3","38":"owp-content-center","39":"owp-thumbs-layout-horizontal","40":"owp-btn-big","41":"owp-tabs-layout-horizontal"},"_links":{"self":[{"href":"https:\/\/bluebutterfly.etw.hr\/en\/wp-json\/wp\/v2\/product\/701","targetHints":{"allow":["GET"]}}],"collection":[{"href":"https:\/\/bluebutterfly.etw.hr\/en\/wp-json\/wp\/v2\/product"}],"about":[{"href":"https:\/\/bluebutterfly.etw.hr\/en\/wp-json\/wp\/v2\/types\/product"}],"replies":[{"embeddable":true,"href":"https:\/\/bluebutterfly.etw.hr\/en\/wp-json\/wp\/v2\/comments?post=701"}],"version-history":[{"count":2,"href":"https:\/\/bluebutterfly.etw.hr\/en\/wp-json\/wp\/v2\/product\/701\/revisions"}],"predecessor-version":[{"id":1946,"href":"https:\/\/bluebutterfly.etw.hr\/en\/wp-json\/wp\/v2\/product\/701\/revisions\/1946"}],"wp:featuredmedia":[{"embeddable":true,"href":"https:\/\/bluebutterfly.etw.hr\/en\/wp-json\/wp\/v2\/media\/745"}],"wp:attachment":[{"href":"https:\/\/bluebutterfly.etw.hr\/en\/wp-json\/wp\/v2\/media?parent=701"}],"wp:term":[{"taxonomy":"product_brand","embeddable":true,"href":"https:\/\/bluebutterfly.etw.hr\/en\/wp-json\/wp\/v2\/product_brand?post=701"},{"taxonomy":"product_cat","embeddable":true,"href":"https:\/\/bluebutterfly.etw.hr\/en\/wp-json\/wp\/v2\/product_cat?post=701"},{"taxonomy":"product_tag","embeddable":true,"href":"https:\/\/bluebutterfly.etw.hr\/en\/wp-json\/wp\/v2\/product_tag?post=701"}],"curies":[{"name":"wp","href":"https:\/\/api.w.org\/{rel}","templated":true}]}}