{"id":700,"date":"2020-01-23T11:34:30","date_gmt":"2020-01-23T11:34:30","guid":{"rendered":"https:\/\/bluebutterfly.etw.hr\/?post_type=product&#038;p=700"},"modified":"2025-01-02T21:12:41","modified_gmt":"2025-01-02T21:12:41","slug":"zagreb-english-winter-camp-football","status":"publish","type":"product","link":"https:\/\/bluebutterfly.etw.hr\/en\/camp\/zagreb-english-winter-camp-football\/","title":{"rendered":"Ljetni kamp engleskog u Zagrebu + nogomet 2022."},"content":{"rendered":"<p>Zagreb - Summer English Language camp + football<\/p>\n<p><strong>Blue Butterfly English language + football summer camp: Zagreb<br \/>\n<\/strong><\/p>\n<p>English language + football summer camp Blue Butterfly is located in Zagreb, Medvednica Nature Park.<\/p>\n<ul class=\"custom-attributes\">\n<li><strong><span class=\"attribute-label\">Datumi: 30.01. &#8211; 05.02.,\u00a0 27.02. &#8211; 05.03.2022.<\/span><\/strong><\/li>\n<li class=\"location savudrija-croatia translation-block\">Location: Zagreb, Croatia<\/li>\n<li class=\"age 9-17 translation-block\">Age: 15\u2013 17<\/li>\n<li class=\"minimum-duration-of-stay 2-weeks\"><strong><span class=\"attribute-label\">The minimum duration of stay:<\/span><span class=\"attribute-value\"> 1 week<\/span><\/strong><\/li>\n<li class=\"teachers native-speakers translation-block\">Teachers: native speakers<\/li>\n<li><strong>Cijena: 8.250 HRK \/ tjedno + 3.200 HRK za nogometni kamp<\/strong><\/li>\n<\/ul>\n<p class=\"translation-block\">Educational Travel Worldwide organises Croatian and English language course in the city of a million hearts \u2013 Zagreb, the capital and largest city of Croatia, which attracts many tourists with its beauty, interesting history, stories and legends. Downtown is full of museums and green parks, as well as cafes, restaurants and souvenir shops, which attract people of all ages.<\/p>\n<p class=\"translation-block\">Accommodation is arranged in the park Medvednica, and surrounded by lush forests, Hotel Tomislavov Dom features an indoor pool, sauna and fitness facilities. Free WiFi access is provided in the lobby and the classrooms Units here come with cable TV and a desk. The private bathrooms are fitted with a shower and a hairdryer, with free toiletries available. Each room also offers a view of the forest. Hotel Tomislavov Dom is an excellent base for those who wish to hike in the summer and ski in the winter. Get to know northwestern Croatia, with its beauty, interesting history filled with stories and legends, and try local cuisine on excursions that are included in price.<\/p>\n<p><strong>Price includes:<\/strong><\/p>\n<ul>\n<li>20 English\/Croatian lessons per week (1 lesson = 50 minutes)<\/li>\n<li>NK Dinamo football camp<\/li>\n<li>testing prior knowledge<\/li>\n<li>professors native speakers<\/li>\n<li>accommodation in 1\/2 and 1\/3 rooms<\/li>\n<li>own facilities<\/li>\n<li>full program of social, cultural and sports activities<\/li>\n<li>full board (breakfast, lunch, dinner)<\/li>\n<li>24h supervision, teaching material<\/li>\n<li>bed linen, laundry service<\/li>\n<li>certificate of attendance<\/li>\n<\/ul>\n<p><strong>Price does not include:<\/strong><\/p>\n<ul>\n<li>excursions<\/li>\n<li>transfers<\/li>\n<li>travel insurance<\/li>\n<\/ul>\n<p><strong>SUPPLEMENTS (min. 10 paid):<\/strong><\/p>\n<p><strong>Half-day<\/strong><\/p>\n<ul>\n<li><strong>Veliki Tabor &#8211;\u00a0 570 po osobi<\/strong><br \/>\nPosjet dvorcu Veliki Tabor, razgled s vodi\u010dem, posjet Muzeju krapinskih neandertalaca. Ru\u010dak<br \/>\nCijena uklju\u010duje: prijevoz, ulaznice za Veliki Tabor i Muzej neandertalaca, pratitelj i ru\u010dak<\/li>\n<li><strong>Medvedgrad &#8211; 300 HRK po osobi <\/strong>Na ju\u017enim obroncima Medvednice, na vrhu Mali Plazur smjestio se srednjevjekovni dvorac koji gleda Zagreb preko 8 stolje\u0107a. Sagra\u0111en je 1254., nakon invazije Tatara. Medvedgrad je napu\u0161ten 1590., nakon \u0161to je nastradao u potresu.<\/li>\n<\/ul>\n<p>Price includes: transfer, tour leader, entrance ticket<\/p>\n<p><strong>Full Day<\/strong><\/p>\n<ul>\n<li><strong>Vara\u017edin &#8211; 650 HRK po osobi<\/strong><br \/>\nPosjet Vara\u017edinu, baroknom gradu, razgled sa lokalnim vodi\u010dem, posjet Gradskom muzeju i etnomolo\u0161koj zbirci.<br \/>\nCijena uklju\u010duje: prijevoz, ulaznicu za muzej s vodi\u010dem, razgled Vara\u017edina s vodi\u010dem, ru\u010dak<\/li>\n<li><strong>Trako\u0161\u0107an &#8211; 490 HRK po osobi<\/strong><br \/>\nDvorac Trako\u0161\u0107an je kulturno dobro koje se sastoji od dvorca, perivoja i park \u0161ume. Razgled s vodi\u010dem, izlet u Vara\u017edin, razgled s lokalnim vodi\u010dem, posjet Gradskom muzeju. Ru\u010dak.<br \/>\nCijena uklju\u010duje: prijevoz, ulaznice za dvorac Trako\u0161\u0107an i Gradski muzej, lokalnog vodi\u010da, ru\u010dak.<\/li>\n<\/ul>","protected":false},"excerpt":{"rendered":"<p>Ljetni kamp engleskog u Zagrebu + nogomet Blue Butterfly kamp engleskog jezika + nogometni kamp Engleski jezik + nogometni kamp je smje\u0161ten u parku prirode Mevednica iznad Zagreba Datumi: 30.01. &#8211; 05.02.,\u00a0 27.02. &#8211; 05.03.2022. Lokacija: Zagreb, Hrvatska Zagreb, Croatia Uzrast 9 \u2013 17 Minimalni boravak: 1 tjedan Profesori: izvorni govornici Cijena: 8.250 HRK \/ [&hellip;]<\/p>\n","protected":false},"featured_media":1726,"comment_status":"open","ping_status":"closed","template":"","meta":[],"product_brand":[],"product_cat":[24,95],"product_tag":[47,82,31,81,80,83,35,75,84,74,33,69],"class_list":{"0":"post-700","1":"product","2":"type-product","3":"status-publish","4":"has-post-thumbnail","6":"product_cat-language-camp","7":"product_cat-zagreb-language-camp","8":"product_tag-blue-butterfly","9":"product_tag-english-and-football","10":"product_tag-english-camp","11":"product_tag-english-language","12":"product_tag-football-camp","13":"product_tag-hiking","14":"product_tag-learn-english","15":"product_tag-medvednica","16":"product_tag-play-football","17":"product_tag-sljeme","18":"product_tag-summer-camp","19":"product_tag-zagreb","20":"tm-has-options","22":"entry","23":"has-media","25":"first","26":"instock","27":"shipping-taxable","28":"purchasable","29":"product-type-simple","30":"has-product-nav","31":"col","32":"span_1_of_3","33":"owp-content-center","34":"owp-thumbs-layout-horizontal","35":"owp-btn-big","36":"owp-tabs-layout-horizontal"},"_links":{"self":[{"href":"https:\/\/bluebutterfly.etw.hr\/en\/wp-json\/wp\/v2\/product\/700","targetHints":{"allow":["GET"]}}],"collection":[{"href":"https:\/\/bluebutterfly.etw.hr\/en\/wp-json\/wp\/v2\/product"}],"about":[{"href":"https:\/\/bluebutterfly.etw.hr\/en\/wp-json\/wp\/v2\/types\/product"}],"replies":[{"embeddable":true,"href":"https:\/\/bluebutterfly.etw.hr\/en\/wp-json\/wp\/v2\/comments?post=700"}],"version-history":[{"count":0,"href":"https:\/\/bluebutterfly.etw.hr\/en\/wp-json\/wp\/v2\/product\/700\/revisions"}],"wp:featuredmedia":[{"embeddable":true,"href":"https:\/\/bluebutterfly.etw.hr\/en\/wp-json\/wp\/v2\/media\/1726"}],"wp:attachment":[{"href":"https:\/\/bluebutterfly.etw.hr\/en\/wp-json\/wp\/v2\/media?parent=700"}],"wp:term":[{"taxonomy":"product_brand","embeddable":true,"href":"https:\/\/bluebutterfly.etw.hr\/en\/wp-json\/wp\/v2\/product_brand?post=700"},{"taxonomy":"product_cat","embeddable":true,"href":"https:\/\/bluebutterfly.etw.hr\/en\/wp-json\/wp\/v2\/product_cat?post=700"},{"taxonomy":"product_tag","embeddable":true,"href":"https:\/\/bluebutterfly.etw.hr\/en\/wp-json\/wp\/v2\/product_tag?post=700"}],"curies":[{"name":"wp","href":"https:\/\/api.w.org\/{rel}","templated":true}]}}