{"id":620,"date":"2020-01-22T22:15:02","date_gmt":"2020-01-22T22:15:02","guid":{"rendered":"https:\/\/bluebutterfly.etw.hr\/?post_type=product&#038;p=620"},"modified":"2026-03-30T13:09:00","modified_gmt":"2026-03-30T13:09:00","slug":"bluebutterfly-savudrija-engleski-ljetni-kamp","status":"publish","type":"product","link":"https:\/\/bluebutterfly.etw.hr\/en\/camp\/bluebutterfly-savudrija-engleski-ljetni-kamp\/","title":{"rendered":"Me\u0111unarodni ljetni kamp engleskog jezika u Savudriji"},"content":{"rendered":"<h2>Blue Butterfly me\u0111unarodni ljetni kamp engleskog jezika: Savudrija Program 2026<\/h2>\n<p>International English language summer camp Blue Butterfly is located in Savudrija, on the western coast of Istria.<\/p>\n<ul>\n<li><strong>Duration<em>:\u00a0<\/em><\/strong>\n<ul>\n<li>1 TJEDAN:<strong> <span style=\"color: #ff6600;\">19.7.-25.7.2026. ili 26.7.-1.8.2026. <\/span><\/strong><\/li>\n<li>2 TJEDNA: <strong><span style=\"color: #ff6600;\">19.7.-1.8.2026.\u00a0<\/span><\/strong><\/li>\n<\/ul>\n<\/li>\n<li><strong>Lokacija: Savudrija, Hrvatska<\/strong><\/li>\n<li><strong>Uzrast: 8 \u2013 17<\/strong><\/li>\n<li><strong>Minimalni boravak: 1 tjedan<\/strong><\/li>\n<li class=\"translation-block\">Teachers: native speakers<\/li>\n<\/ul>\n<p class=\"translation-block\">Camp Veli Jo\u017ee is located in the heart of a wonderful Mediterranean pine forest. Accommodation is provided in charming bungalows for a full camp experience. Students are under 24-hour surveillance by our experienced staff.\nBedrooms are shared, with shared facilities, and full board meals are provided. There are activities inside the residential complex: football and volleyball field, handball and basketball court, street-ball and mini-golf court, kayaking, mini waterpark.\nMorning hours are intended for teaching, while in the afternoon sports and social activities, as well as workshops, are organized.<\/p>\n<p>Professors are native speakers.<\/p>\n<div id='gallery-1' class='gallery galleryid-620 gallery-columns-2 gallery-size-large'><figure class='gallery-item'>\n\t\t\t<div class='gallery-icon landscape'>\n\t\t\t\t<a href='https:\/\/bluebutterfly.etw.hr\/en\/?attachment_id=1685'><img fetchpriority=\"high\" decoding=\"async\" width=\"1024\" height=\"768\" src=\"https:\/\/bluebutterfly.etw.hr\/wp-content\/uploads\/2022\/11\/image0-12-1024x768.jpeg\" class=\"attachment-large size-large\" alt=\"\" srcset=\"https:\/\/bluebutterfly.etw.hr\/wp-content\/uploads\/2022\/11\/image0-12-1024x768.jpeg 1024w, https:\/\/bluebutterfly.etw.hr\/wp-content\/uploads\/2022\/11\/image0-12-300x225.jpeg 300w, https:\/\/bluebutterfly.etw.hr\/wp-content\/uploads\/2022\/11\/image0-12-768x576.jpeg 768w, https:\/\/bluebutterfly.etw.hr\/wp-content\/uploads\/2022\/11\/image0-12-1536x1152.jpeg 1536w, https:\/\/bluebutterfly.etw.hr\/wp-content\/uploads\/2022\/11\/image0-12-16x12.jpeg 16w, https:\/\/bluebutterfly.etw.hr\/wp-content\/uploads\/2022\/11\/image0-12-15x11.jpeg 15w, https:\/\/bluebutterfly.etw.hr\/wp-content\/uploads\/2022\/11\/image0-12-600x450.jpeg 600w, https:\/\/bluebutterfly.etw.hr\/wp-content\/uploads\/2022\/11\/image0-12.jpeg 1600w\" sizes=\"(max-width: 1024px) 100vw, 1024px\" title=\"\"><\/a>\n\t\t\t<\/div><\/figure><figure class='gallery-item'>\n\t\t\t<div class='gallery-icon landscape'>\n\t\t\t\t<a href='https:\/\/bluebutterfly.etw.hr\/en\/?attachment_id=1682'><img decoding=\"async\" width=\"1024\" height=\"768\" src=\"https:\/\/bluebutterfly.etw.hr\/wp-content\/uploads\/2022\/11\/image19-1-1024x768.jpeg\" class=\"attachment-large size-large\" alt=\"\" srcset=\"https:\/\/bluebutterfly.etw.hr\/wp-content\/uploads\/2022\/11\/image19-1-1024x768.jpeg 1024w, https:\/\/bluebutterfly.etw.hr\/wp-content\/uploads\/2022\/11\/image19-1-300x225.jpeg 300w, https:\/\/bluebutterfly.etw.hr\/wp-content\/uploads\/2022\/11\/image19-1-768x576.jpeg 768w, https:\/\/bluebutterfly.etw.hr\/wp-content\/uploads\/2022\/11\/image19-1-1536x1152.jpeg 1536w, https:\/\/bluebutterfly.etw.hr\/wp-content\/uploads\/2022\/11\/image19-1-16x12.jpeg 16w, https:\/\/bluebutterfly.etw.hr\/wp-content\/uploads\/2022\/11\/image19-1-15x11.jpeg 15w, https:\/\/bluebutterfly.etw.hr\/wp-content\/uploads\/2022\/11\/image19-1-600x450.jpeg 600w, https:\/\/bluebutterfly.etw.hr\/wp-content\/uploads\/2022\/11\/image19-1.jpeg 1600w\" sizes=\"(max-width: 1024px) 100vw, 1024px\" title=\"\"><\/a>\n\t\t\t<\/div><\/figure>\n\t\t<\/div>\n\n<p><strong>PROGRAMI:<\/strong><\/p>\n<p>*cijene u nastavku odnose se na pla\u0107anja gotovinom ili transakcijskim ra\u010dun<\/p>\n<h4><strong>1.<\/strong><span style=\"color: #ff6600;\"><strong> Standard program:<\/strong><\/span><\/h4>\n<ul>\n<li><strong>20 lessons of English language<\/strong>\/ per week<\/li>\n<\/ul>\n<h3 style=\"padding-left: 40px;\"><strong>Price for 1 week: <span style=\"color: #ff6600;\"><em>800,00\u20ac<\/em><\/span><\/strong><\/h3>\n<h3 style=\"padding-left: 40px;\"><strong>Price for 2 weeks: <span style=\"color: #ff6600;\"><em>1500,00\u20ac<\/em><\/span><\/strong><\/h3>\n<h4><strong>2.<\/strong><span style=\"color: #ff6600;\"><strong> Magic program:<\/strong><\/span><\/h4>\n<ul>\n<li><strong>20 lessons of English language<\/strong>\/ per week<\/li>\n<li>General language course<\/li>\n<li>History (magic Harry)<\/li>\n<li>Astronomy<\/li>\n<li>Geography<\/li>\n<li>Excursion to Observatory<\/li>\n<\/ul>\n<h3 style=\"padding-left: 40px;\"><strong>Price for 1 week:<\/strong> <span style=\"color: #ff6600;\"><em><strong>900,00\u20ac<\/strong><\/em><\/span><\/h3>\n<h3 style=\"padding-left: 40px;\"><strong>Price for 2 weeks: <span style=\"color: #ff6600;\"><em>1700,00<\/em><\/span><\/strong><\/h3>\n<h4><strong>3. <span style=\"color: #ff6600;\">Science program:<\/span><\/strong><\/h4>\n<ul>\n<li><strong>20 lessons of English language<\/strong>\/ per week<\/li>\n<li>General language course<\/li>\n<li>Biology<\/li>\n<li>Physics<\/li>\n<li>Botanics<\/li>\n<li>Excursion to Aquarium<\/li>\n<\/ul>\n<h3 style=\"padding-left: 40px;\"><strong>Price for 1 week:<\/strong> <span style=\"color: #ff6600;\"><em><strong>1100,00\u20ac<\/strong><\/em><\/span><\/h3>\n<h3 style=\"padding-left: 40px;\"><strong>Price for 2 weeks:<\/strong> <span style=\"color: #ff6600;\"><em><strong>2100,00\u20ac<\/strong><\/em><\/span><\/h3>\n<p><strong>4. <\/strong><span style=\"color: #ff6600;\"><strong>Adventure program:<\/strong><\/span><\/p>\n<ul>\n<li><strong>20 lessons of English language<\/strong>\/ per week<\/li>\n<li>General language course<\/li>\n<li>Snorkeling<\/li>\n<li>Kayaking<\/li>\n<li>Jet Ski<\/li>\n<\/ul>\n<h3 style=\"padding-left: 40px;\"><strong>Price for 1 week:<\/strong> <span style=\"color: #ff6600;\"><em><strong>1300,00\u20ac<\/strong><\/em><\/span><\/h3>\n<h3 style=\"padding-left: 40px;\"><strong>Price for 2 weeks:<\/strong> <span style=\"color: #ff6600;\"><em><strong>2500,00\u20ac<\/strong><\/em><\/span><\/h3>\n<div id='gallery-2' class='gallery galleryid-620 gallery-columns-2 gallery-size-large'><figure class='gallery-item'>\n\t\t\t<div class='gallery-icon landscape'>\n\t\t\t\t<a href='https:\/\/bluebutterfly.etw.hr\/en\/?attachment_id=1111'><img decoding=\"async\" width=\"1024\" height=\"768\" src=\"https:\/\/bluebutterfly.etw.hr\/wp-content\/uploads\/2020\/01\/20180705_171906-scaled.jpg\" class=\"attachment-large size-large\" alt=\"\" title=\"\"><\/a>\n\t\t\t<\/div><\/figure><figure class='gallery-item'>\n\t\t\t<div class='gallery-icon landscape'>\n\t\t\t\t<a href='https:\/\/bluebutterfly.etw.hr\/en\/?attachment_id=1544'><img loading=\"lazy\" decoding=\"async\" width=\"1024\" height=\"768\" src=\"https:\/\/bluebutterfly.etw.hr\/wp-content\/uploads\/2023\/03\/IMG-20210716-WA0017-2-1024x768.jpg\" class=\"attachment-large size-large\" alt=\"\" srcset=\"https:\/\/bluebutterfly.etw.hr\/wp-content\/uploads\/2023\/03\/IMG-20210716-WA0017-2-1024x768.jpg 1024w, https:\/\/bluebutterfly.etw.hr\/wp-content\/uploads\/2023\/03\/IMG-20210716-WA0017-2-300x225.jpg 300w, https:\/\/bluebutterfly.etw.hr\/wp-content\/uploads\/2023\/03\/IMG-20210716-WA0017-2-768x576.jpg 768w, https:\/\/bluebutterfly.etw.hr\/wp-content\/uploads\/2023\/03\/IMG-20210716-WA0017-2-1536x1152.jpg 1536w, https:\/\/bluebutterfly.etw.hr\/wp-content\/uploads\/2023\/03\/IMG-20210716-WA0017-2-16x12.jpg 16w, https:\/\/bluebutterfly.etw.hr\/wp-content\/uploads\/2023\/03\/IMG-20210716-WA0017-2-15x11.jpg 15w, https:\/\/bluebutterfly.etw.hr\/wp-content\/uploads\/2023\/03\/IMG-20210716-WA0017-2-600x450.jpg 600w, https:\/\/bluebutterfly.etw.hr\/wp-content\/uploads\/2023\/03\/IMG-20210716-WA0017-2.jpg 1600w\" sizes=\"(max-width: 1024px) 100vw, 1024px\" title=\"\"><\/a>\n\t\t\t<\/div><\/figure>\n\t\t<\/div>\n\n<p>&nbsp;<\/p>\n<h3><strong>Price includes:<\/strong><\/h3>\n<ul>\n<li>20 English lessons per week (1 lesson = 50 minutes)<\/li>\n<li>Lessons provided by native speakers<\/li>\n<li>Teaching materials<\/li>\n<li>Certificates<\/li>\n<li>Razgled Svjetionika Rt Savudrija<\/li>\n<li>Raznolike dru\u0161tvene, kulturne i sportske aktivnosti (ko\u0161arka, nogomet, odbojka, mini golf,\u00a0stolni tenis, polivalentno igrali\u0161te)<\/li>\n<li>Accommodation in six-bed wooden bungalows<\/li>\n<li>Full board (breakfast, lunch, dinner)<\/li>\n<li>Bed linen, towels<\/li>\n<li>Private beach with lifeguard service<\/li>\n<li>Health care in the camp<\/li>\n<li>24-hour surveillance<\/li>\n<li>Other services according to the regular price list<\/li>\n<\/ul>\n<h3><strong>\u00a0<\/strong><\/h3>\n<h3><strong>Price does not include:<\/strong><\/h3>\n<ul>\n<li>Excursions<\/li>\n<li>Transfers<\/li>\n<li>Insurance<\/li>\n<\/ul>\n<h3><strong>\u00a0<\/strong><\/h3>\n<h3><strong>ADDITIONAL SERVICES (min. 20 participants):<\/strong><\/h3>\n<h3><strong>Excursions<\/strong><\/h3>\n<p><strong><span style=\"color: #ff6600;\">19.7.-25.7.2026.<\/span><\/strong><\/p>\n<ul>\n<li><strong>Istralandia &#8211; 90 \u20ac<\/strong>. Vodeni park Istralandia naziva se najzabavnijom vodom u Istri.Cijena uklju\u010duje: prijevoz, vodi\u010da, ulaznicu<\/li>\n<li><strong>Vi\u0161njan, posjet zvjezdarnici &#8211; 90 \u20ac<\/strong>. Zvjezdarnica Vi\u0161njan nalazi se 16 km od Pore\u010da u selu Ti\u0107an. Prema broju asteroida koji su otkriveni u Vi\u0161njanu, \u010dine ovu zvjezdarnicu 12. najproduktivnijom zvjezdarnicom svih vremena.Cijena uklju\u010duje: prijevoz, vodi\u010da, ulaznicu, predavanje iz astronomije<\/li>\n<\/ul>\n<p>&nbsp;<\/p>\n<p><span style=\"color: #ff6600;\"><strong>26.7.-1.8.2026.<\/strong><\/span><\/p>\n<ul style=\"font-variant-ligatures: normal; font-variant-caps: normal; font-family: Roboto, sans-serif; font-size: 14px; font-style: normal; font-weight: 400;\">\n<li style=\"font-size: 14px;\"><strong>Razgled delfina &amp; zalazak sunca, Savudrija &#8211; 85 \u20ac<\/strong>. Tra\u017eenje dupina uz obalu od Savudrije do Umaga i natrag.Cijena uklju\u010duje: prijevoz brodom, vodi\u010da, grickalice<\/li>\n<li style=\"font-size: 14px;\"><strong>Vi\u0161njan, posjet zvjezdarnici &#8211; 90 \u20ac<\/strong>. Zvjezdarnica Vi\u0161njan nalazi se 16 km od Pore\u010da u selu Ti\u0107an. Prema broju asteroida koji su otkriveni u Vi\u0161njanu, \u010dine ovu zvjezdarnicu 12. najproduktivnijom zvjezdarnicom svih vremena.Cijena uklju\u010duje: prijevoz, vodi\u010da, ulaznicu, predavanje iz astronomije<\/li>\n<\/ul>\n<h3><strong>\u00a0<\/strong><\/h3>\n<h3><strong>Transfers<\/strong><\/h3>\n<p>Transfer from Zagreb Airport to Savudrija per person per way: \u20ac280<\/p>\n<p>Transfer from Pula Airport to Savudrija per person per way \u20ac150<\/p>\n<h3><strong>Activities<\/strong><\/h3>\n<ul>\n<li>Water park: \u20ac15 \/ 1 hour<\/li>\n<li>Kayak tour: \u20ac50 (duration: 4 hours)<\/li>\n<li>Kayak: \u20ac30 \/ per person \/ 1 hour<\/li>\n<li>Pedal boats: \u20ac20 \/ 1 hour<\/li>\n<li>Snorkeling: \u20ac40 \/ 1 hour<\/li>\n<li>Scuba Ranger Diving (diving for children with an instructor up to 2 meters deep for 1 hour): \u20ac40 \/ per person<\/li>\n<\/ul>","protected":false},"excerpt":{"rendered":"<p>Blue Butterfly me\u0111unarodni ljetni kamp engleskog jezika: Savudrija Program 2026 Me\u0111unarodni ljetni kamp engleskog jezika nalazi se u Savudriji, na zapadnoj obali Istre. Termini:\u00a0 1 TJEDAN: 19.7.-25.7.2026. ili 26.7.-1.8.2026. 2 TJEDNA: 19.7.-1.8.2026.\u00a0 Lokacija: Savudrija, Hrvatska Uzrast: 8 \u2013 17 Minimalni boravak: 1 tjedan Profesori: izvorni govornici Kamp Veli Jo\u017ee nalazi se u srcu prekrasne mediteranske [&hellip;]<\/p>\n","protected":false},"featured_media":1222,"comment_status":"open","ping_status":"closed","template":"","meta":[],"product_brand":[],"product_cat":[24,26],"product_tag":[57,58,47,81,39,61,59,37,56,60,33,48],"class_list":{"0":"post-620","1":"product","2":"type-product","3":"status-publish","4":"has-post-thumbnail","6":"product_cat-language-camp","7":"product_cat-savudrija-camp","8":"product_tag-adventure","9":"product_tag-adventure-program","10":"product_tag-blue-butterfly","11":"product_tag-english-language","12":"product_tag-english-summer-camp","13":"product_tag-jet-ski","14":"product_tag-kayak","15":"product_tag-savudrija","16":"product_tag-savudrija-adventure-program","17":"product_tag-snorkelling","18":"product_tag-summer-camp","19":"product_tag-summer-school","20":"tm-no-options","22":"entry","23":"has-media","25":"first","26":"instock","27":"shipping-taxable","28":"purchasable","29":"product-type-variable","30":"has-product-nav","31":"col","32":"span_1_of_3","33":"owp-content-center","34":"owp-thumbs-layout-horizontal","35":"owp-btn-big","36":"owp-tabs-layout-horizontal"},"_links":{"self":[{"href":"https:\/\/bluebutterfly.etw.hr\/en\/wp-json\/wp\/v2\/product\/620","targetHints":{"allow":["GET"]}}],"collection":[{"href":"https:\/\/bluebutterfly.etw.hr\/en\/wp-json\/wp\/v2\/product"}],"about":[{"href":"https:\/\/bluebutterfly.etw.hr\/en\/wp-json\/wp\/v2\/types\/product"}],"replies":[{"embeddable":true,"href":"https:\/\/bluebutterfly.etw.hr\/en\/wp-json\/wp\/v2\/comments?post=620"}],"version-history":[{"count":49,"href":"https:\/\/bluebutterfly.etw.hr\/en\/wp-json\/wp\/v2\/product\/620\/revisions"}],"predecessor-version":[{"id":2289,"href":"https:\/\/bluebutterfly.etw.hr\/en\/wp-json\/wp\/v2\/product\/620\/revisions\/2289"}],"wp:featuredmedia":[{"embeddable":true,"href":"https:\/\/bluebutterfly.etw.hr\/en\/wp-json\/wp\/v2\/media\/1222"}],"wp:attachment":[{"href":"https:\/\/bluebutterfly.etw.hr\/en\/wp-json\/wp\/v2\/media?parent=620"}],"wp:term":[{"taxonomy":"product_brand","embeddable":true,"href":"https:\/\/bluebutterfly.etw.hr\/en\/wp-json\/wp\/v2\/product_brand?post=620"},{"taxonomy":"product_cat","embeddable":true,"href":"https:\/\/bluebutterfly.etw.hr\/en\/wp-json\/wp\/v2\/product_cat?post=620"},{"taxonomy":"product_tag","embeddable":true,"href":"https:\/\/bluebutterfly.etw.hr\/en\/wp-json\/wp\/v2\/product_tag?post=620"}],"curies":[{"name":"wp","href":"https:\/\/api.w.org\/{rel}","templated":true}]}}