{"id":560,"date":"2020-01-22T19:18:13","date_gmt":"2020-01-22T19:18:13","guid":{"rendered":"https:\/\/bluebutterfly.etw.hr\/?post_type=product&#038;p=560"},"modified":"2026-04-08T13:12:09","modified_gmt":"2026-04-08T13:12:09","slug":"jedrenje-na-murteru-engleski-kamp-sibenik","status":"publish","type":"product","link":"https:\/\/bluebutterfly.etw.hr\/en\/camp\/jedrenje-na-murteru-engleski-kamp-sibenik\/","title":{"rendered":"Jedrenje na Murteru + Engleski jezik u \u0160ibeniku, 13-19 god., 12.7.-26.7.2025."},"content":{"rendered":"<h3>Jedrenje na Murteru + Engleski jezik u \u0160ibeniku, 13 &#8211; 19 god., 12.7.-26.7.2025.<\/h3>\n<h4><span style=\"color: #000080;\"><strong>Blue Butterfly \u0161kola jedrenja i engleskog jezika za polaznike 13+<br \/>\n<\/strong><\/span><\/h4>\n<h4><span style=\"color: #000080;\"><strong>Datum: 12.7.-26.7.2026.<\/strong><\/span><\/h4>\n<h3><span style=\"color: #993366;\">Nau\u010di vje\u0161tinu jedrenja po kristalno \u010distom Jadranu!<\/span><\/h3>\n<p><strong>Ljetni engleski kamp Blue Butterfly odr\u017eava se na Murteru i u povijesnoj tvr\u0111avi Sv. Ivana u \u0160ibeniku koja je podignuta 1646. godine, a danas je renovirana u predivni moderni smje\u0161taj koji pru\u017ea udobnost i poseban do\u017eivljaj. Polaznici imaju puni pansion i nadzor stru\u010dnog osoblja.<\/strong><\/p>\n<p>&nbsp;<\/p>\n<p class=\"responsive-video-wrap clr\"><iframe title=\"Otvorenje Tvr\u0111ave sv. Ivana\" width=\"1200\" height=\"675\" src=\"https:\/\/www.youtube.com\/embed\/YxuQ115BP34?start=1&#038;feature=oembed&#038;enablejsapi=1&#038;origin=https:\/\/bluebutterfly.etw.hr\" frameborder=\"0\" allow=\"accelerometer; autoplay; clipboard-write; encrypted-media; gyroscope; picture-in-picture; web-share\" referrerpolicy=\"strict-origin-when-cross-origin\" allowfullscreen><\/iframe><\/p>\n<p>&nbsp;<\/p>\n<p><strong><span style=\"color: #3366ff;\">Murter<\/span> \u2013\u00a0<\/strong>mali sjevernodalmatinski otok u blizinu \u0160ibenika. Otok je povezan s kopnom kratkim mostom u Tisnu. Ve\u0107ina je otoka prekrivena starim maslinama i smokvama. Tako\u0111er, otok je poznat i kao\u00a0<strong data-start=\"189\" data-end=\"224\">vrata Nacionalnog parka Kornati<\/strong>, jer je smje\u0161ten na idealnoj poziciji za istra\u017eivanje Jadrana. Krase ga prekrasne pla\u017ee, skrivene uvale i toplo, kristalno \u010disto more. Uz bogatu pomorsku tradiciju i \u0161arm starih dalmatinskih mjesta, Murter je savr\u0161eno mjesto za sve koji vole prirodu, more i avanturu.<\/p>\n<h2><img decoding=\"async\" class=\"aligncenter\" src=\"https:\/\/static2.story.hr\/api\/v3\/images\/371744?ts=2022-07-27T09:59:14\" alt=\"Najljep\u0161e pla\u017ee na Murteru | Story\" title=\"\"><\/h2>\n<h2><\/h2>\n<h2><span style=\"color: #3366ff;\"><strong>The English language program is held<\/strong> se 12.7.-19.7.2025.<\/span><\/h2>\n<h2 style=\"text-align: left;\"><span style=\"color: #3366ff;\"><strong>Program jedrenja odr\u017eava se 19.7.-26.7.2025.<\/strong><\/span><\/h2>\n<p>&nbsp;<\/p>\n<p class=\"responsive-video-wrap clr\"><iframe title=\"Learn to sail with us!   ANAsail\" width=\"1200\" height=\"675\" src=\"https:\/\/www.youtube.com\/embed\/RlrV6OWSG5I?start=3&#038;feature=oembed&#038;enablejsapi=1&#038;origin=https:\/\/bluebutterfly.etw.hr\" frameborder=\"0\" allow=\"accelerometer; autoplay; clipboard-write; encrypted-media; gyroscope; picture-in-picture; web-share\" referrerpolicy=\"strict-origin-when-cross-origin\" allowfullscreen><\/iframe><\/p>\n<h4><\/h4>\n<h3><span style=\"color: #000080;\"><strong><u>Theory and practice \u2013 basic sailing school<\/u><\/strong><\/span><\/h3>\n<p>The basics sailing course is designed for anyone who\u2019ve always, whether because of other people\u2019s tales, or simply by watching \u201cthe lucky ones\u201c, felt that the wind, the sails and the sea can provide unique satisfaction, a satisfaction that cannot be described by words, but needs to be experienced in person.<\/p>\n<p class=\"translation-block\">Object of the course: adapting to the wind, sea and life on the sailboat, learning the basic techniques of sailing and understanding the basics of nautical conduct at sea<\/p>\n<p><span style=\"color: #000000;\"><strong>Age:\u00a0<\/strong> <\/span>13 + (under 18 with written permission from parents)<\/p>\n<p><span style=\"color: #000000;\"><strong>Prior knowledge:<\/strong><\/span>\u00a0it is not necessary<\/p>\n<p class=\"translation-block\">Min. prerequisites: swimming skills and readiness for physical activities<\/p>\n<p class=\"translation-block\">Acquired skills: basics of steering, sail handling, participation in daily routine work on the boat<\/p>\n<p><span style=\"color: #000000;\"><strong>Sailing waters:<\/strong><\/span> akvatorij otoka Murtera &#8211; podru\u010dje\u00a0otoka <strong data-start=\"1855\" data-end=\"1888\">Zlarin, Prvi\u0107, Kaprije, \u017dirje<\/strong> i zapadne strane otoka Murtera prema <strong data-start=\"1926\" data-end=\"1948\">Kornatskim otocima<\/strong>.<br data-start=\"1949\" data-end=\"1952\" \/>Ruta jedrenja mo\u017ee se mijenjati ovisno o vremenskim uvjetima, vjetru i prognozi.<\/p>\n<p class=\"translation-block\">Equipment: rain jacket, rain trousers (winter time), sailing gloves (like the one for bike \u2013 no \u201efingers\u201c), double shoes (sailing shoes or sneakers), T-shirts, shirts with long sleeves, short and long pants, sun protecting cream, cap, towels for the sea, swimsuit.<\/p>\n<h3><\/h3>\n<h3><span style=\"color: #000080;\">PRIMJER DNEVNOG RASPOREDA JEDRENJA:<\/span><\/h3>\n<ul>\n<li>08:30 \u2013 10:00 teorija u u\u010dionici<\/li>\n<li>10:30 \u2013 13:00 praksa na moru<\/li>\n<li>13:00 \u2013 14:00 pauza za ru\u010dak i odmor (uz sidrenje)<\/li>\n<li>14:00 \u2013 17:00 nastavak prakse na moru<\/li>\n<\/ul>\n<p>&nbsp;<\/p>\n<p><img decoding=\"async\" src=\"https:\/\/scontent-vie1-1.xx.fbcdn.net\/v\/t39.30808-6\/468665809_2600863500301084_2722791040607304981_n.jpg?_nc_cat=102&amp;ccb=1-7&amp;_nc_sid=127cfc&amp;_nc_ohc=kzbsQdSLJxIQ7kNvwGjcNzk&amp;_nc_oc=AdmvWAjTnU2oYe5aXeSTKqXIvsohjHwjFq05tsZcaMRjIZ0wCzPr3eODiEDVBhdWOfw&amp;_nc_zt=23&amp;_nc_ht=scontent-vie1-1.xx&amp;_nc_gid=ovYzlbPbdyFzGfvOB8sQsg&amp;oh=00_AfJ-WVQMtA7uiB2p0GN6fUBLhMwOiZBCRIxm72z4hNRvrg&amp;oe=6836130C\" alt=\"Opis fotografije nije dostupan.\" title=\"\"><\/p>\n<p><strong>IZLET:<\/strong><\/p>\n<h5><strong>NP Krka 65 \u20ac<br \/>\n<\/strong><\/h5>\n<p>Krka National Park lies within \u0160ibenik-Knin\nCounty and covers a total area of 109 km\u00b2 of\nthe loveliest sections of the Krka River, and\nthe lower course of the \u010cikola River. The most\nfrequently visited areas in of Krka National\nPark are Skradinski buk and Ro\u0161ki slap.\nSkradinski buk is one of Croatia\u2019s best known\nnatural features, made up of travertine\ncascades, islands and lakes.<\/p>\n<p>&nbsp;<\/p>\n<h2><span style=\"color: #000000;\"><strong>TE\u010cAJ JEDRENJA + KAMP ENGLESKOG JEZIKA (2 tjedna): 2700,00 \u20ac<\/strong><\/span><\/h2>\n<p><strong><span style=\"color: #000000;\">Price includes:<\/span><\/strong><br \/>\n&#8211; po\u010detni\u010dki te\u010daj jedrenja (jedan tjedan) u grupama do 5 polaznika<br \/>\n\u2013 20 English language lessons (one week)<br \/>\n- teaching material<br \/>\n\u2013 certificate of attendance of the English language<br \/>\n- sailing certificate - RYA training center<br \/>\n- full program of social, cultural and sports activities<br \/>\n\u2013 supervision by experienced staff, 24\/7<\/p>\n<p>&#8211; smje\u0161taj u utrvdi sv. Ivana u \u0160ibeniku s punim pansionom (doru\u010dak, ru\u010dak i ve\u010dera)*<br \/>\n* tijekom samog te\u010daja jedrenja (5 dana) usluga je na bazi polupansiona (doru\u010dak, ve\u010dera)<\/p>\n<p><span style=\"color: #000000;\"><strong>Price does not include:<\/strong><\/span><br \/>\n-Transfer do \u0160ibenika<\/p>\n<ul>\n<li>individual price per person per way - Zagreb-\u0160ibenik: \u20ac280<\/li>\n<li>group (min. 15 persons) per person per way - Zagreb-\u0160ibenik: \u20ac130<\/li>\n<li>individual price per person per way - Split-\u0160ibenik: \u20ac150<\/li>\n<li>group (min. 15 persons) per person per way - Split-\u0160ibenik: \u20ac65<\/li>\n<\/ul>\n<p><span style=\"color: #000000;\"><strong>Payment<\/strong><\/span><\/p>\n<ul class=\"ialc_content_list\">\n<li><span style=\"color: #000000;\">Credit Card<\/span><\/li>\n<li><span style=\"color: #000000;\">Bank Transfer<\/span><\/li>\n<\/ul>\n<p>&nbsp;<\/p>\n<p><img decoding=\"async\" src=\"https:\/\/static2.story.hr\/api\/v3\/images\/960\/1920\/273453?ts=2021-07-19T16:45:24\" alt=\"Najljep\u0161e pla\u017ee na Murteru\" title=\"\"><\/p>","protected":false},"excerpt":{"rendered":"<p>Te\u010daj jedrenja + te\u010daj engleskog na Murteru i u \u0160ibeniku<\/p>","protected":false},"featured_media":692,"comment_status":"open","ping_status":"closed","template":"","meta":[],"product_brand":[],"product_cat":[24,86],"product_tag":[31,35,27,28,29,34,30,36,33,32],"class_list":{"0":"post-560","1":"product","2":"type-product","3":"status-publish","4":"has-post-thumbnail","6":"product_cat-language-camp","7":"product_cat-sailing-school-murter","8":"product_tag-english-camp","9":"product_tag-learn-english","10":"product_tag-murter","11":"product_tag-murter-english-camp","12":"product_tag-murter-sailing","13":"product_tag-murter-summer-camp","14":"product_tag-sailing","15":"product_tag-study-english","16":"product_tag-summer-camp","17":"product_tag-summer-english","18":"tm-no-options","20":"entry","21":"has-media","23":"first","24":"instock","25":"sold-individually","26":"shipping-taxable","27":"purchasable","28":"product-type-simple","29":"has-product-nav","30":"col","31":"span_1_of_3","32":"owp-content-center","33":"owp-thumbs-layout-horizontal","34":"owp-btn-big","35":"owp-tabs-layout-horizontal"},"_links":{"self":[{"href":"https:\/\/bluebutterfly.etw.hr\/en\/wp-json\/wp\/v2\/product\/560","targetHints":{"allow":["GET"]}}],"collection":[{"href":"https:\/\/bluebutterfly.etw.hr\/en\/wp-json\/wp\/v2\/product"}],"about":[{"href":"https:\/\/bluebutterfly.etw.hr\/en\/wp-json\/wp\/v2\/types\/product"}],"replies":[{"embeddable":true,"href":"https:\/\/bluebutterfly.etw.hr\/en\/wp-json\/wp\/v2\/comments?post=560"}],"version-history":[{"count":4,"href":"https:\/\/bluebutterfly.etw.hr\/en\/wp-json\/wp\/v2\/product\/560\/revisions"}],"predecessor-version":[{"id":2269,"href":"https:\/\/bluebutterfly.etw.hr\/en\/wp-json\/wp\/v2\/product\/560\/revisions\/2269"}],"wp:featuredmedia":[{"embeddable":true,"href":"https:\/\/bluebutterfly.etw.hr\/en\/wp-json\/wp\/v2\/media\/692"}],"wp:attachment":[{"href":"https:\/\/bluebutterfly.etw.hr\/en\/wp-json\/wp\/v2\/media?parent=560"}],"wp:term":[{"taxonomy":"product_brand","embeddable":true,"href":"https:\/\/bluebutterfly.etw.hr\/en\/wp-json\/wp\/v2\/product_brand?post=560"},{"taxonomy":"product_cat","embeddable":true,"href":"https:\/\/bluebutterfly.etw.hr\/en\/wp-json\/wp\/v2\/product_cat?post=560"},{"taxonomy":"product_tag","embeddable":true,"href":"https:\/\/bluebutterfly.etw.hr\/en\/wp-json\/wp\/v2\/product_tag?post=560"}],"curies":[{"name":"wp","href":"https:\/\/api.w.org\/{rel}","templated":true}]}}