{"id":2194,"date":"2026-03-20T10:15:49","date_gmt":"2026-03-20T10:15:49","guid":{"rendered":"https:\/\/bluebutterfly.etw.hr\/?post_type=product&#038;p=2194"},"modified":"2026-04-01T22:44:23","modified_gmt":"2026-04-01T22:44:23","slug":"medunarodni-ljetni-kamp-njemackog-jezika-u-savudriji","status":"publish","type":"product","link":"https:\/\/bluebutterfly.etw.hr\/en\/camp\/medunarodni-ljetni-kamp-njemackog-jezika-u-savudriji\/","title":{"rendered":"Bilingual summer kamp njema\u010dkog jezika u Savudriji"},"content":{"rendered":"<h2>Blue Butterfly me\u0111unarodni ljetni kamp njema\u010dkog jezika 2026<\/h2>\n<p><strong>Blue Butterfly me\u0111unarodni ljetni kamp njema\u010dkog jezika: Savudrija Adventure Program<br \/>\n<\/strong><\/p>\n<p>Me\u0111unarodni ljetni kamp njema\u010dkog jezika nalazi se u Savudriji, na zapadnoj obali Istre.<\/p>\n<ul>\n<li><strong>Duration<em>:<\/em> <\/strong>\n<ul>\n<li><strong><span style=\"color: #ff6600;\">1 tjedan: 19.7.-25.7.2026. \/ 26.7.-1.8.2026. <\/span><\/strong><\/li>\n<li><strong><span style=\"color: #ff6600;\">2 tjedna: 19.7.-1.8.2026.<\/span><\/strong><\/li>\n<\/ul>\n<\/li>\n<li><strong>Lokacija: Savudrija, Hrvatska<\/strong><\/li>\n<li><strong>Uzrast: 8 \u2013 17<\/strong><\/li>\n<li><strong>Minimalni boravak: 1 tjedan<\/strong><\/li>\n<li class=\"translation-block\">Teachers: native speakers<\/li>\n<\/ul>\n<p class=\"translation-block\">Camp Veli Jo\u017ee is located in the heart of a wonderful Mediterranean pine forest. Accommodation is provided in charming bungalows for a full camp experience. Students are under 24-hour surveillance by our experienced staff.\nBedrooms are shared, with shared facilities, and full board meals are provided. There are activities inside the residential complex: football and volleyball field, handball and basketball court, street-ball and mini-golf court, kayaking, mini waterpark.\nMorning hours are intended for teaching, while in the afternoon sports and social activities, as well as workshops, are organized.<\/p>\n<p>Profesori su profesori njema\u010dkog jezika.<\/p>\n<div id='gallery-1' class='gallery galleryid-2194 gallery-columns-2 gallery-size-large'><figure class='gallery-item'>\n\t\t\t<div class='gallery-icon landscape'>\n\t\t\t\t<a href='https:\/\/bluebutterfly.etw.hr\/en\/?attachment_id=2219'><img fetchpriority=\"high\" decoding=\"async\" width=\"1024\" height=\"696\" src=\"https:\/\/bluebutterfly.etw.hr\/wp-content\/uploads\/2026\/03\/shutterstock_2303603351-1024x696.jpg\" class=\"attachment-large size-large\" alt=\"\" srcset=\"https:\/\/bluebutterfly.etw.hr\/wp-content\/uploads\/2026\/03\/shutterstock_2303603351-1024x696.jpg 1024w, https:\/\/bluebutterfly.etw.hr\/wp-content\/uploads\/2026\/03\/shutterstock_2303603351-300x204.jpg 300w, https:\/\/bluebutterfly.etw.hr\/wp-content\/uploads\/2026\/03\/shutterstock_2303603351-768x522.jpg 768w, https:\/\/bluebutterfly.etw.hr\/wp-content\/uploads\/2026\/03\/shutterstock_2303603351-1536x1043.jpg 1536w, https:\/\/bluebutterfly.etw.hr\/wp-content\/uploads\/2026\/03\/shutterstock_2303603351-2048x1391.jpg 2048w, https:\/\/bluebutterfly.etw.hr\/wp-content\/uploads\/2026\/03\/shutterstock_2303603351-18x12.jpg 18w, https:\/\/bluebutterfly.etw.hr\/wp-content\/uploads\/2026\/03\/shutterstock_2303603351-15x10.jpg 15w, https:\/\/bluebutterfly.etw.hr\/wp-content\/uploads\/2026\/03\/shutterstock_2303603351-600x408.jpg 600w, https:\/\/bluebutterfly.etw.hr\/wp-content\/uploads\/2026\/03\/shutterstock_2303603351.jpg 1600w\" sizes=\"(max-width: 1024px) 100vw, 1024px\" title=\"\"><\/a>\n\t\t\t<\/div><\/figure><figure class='gallery-item'>\n\t\t\t<div class='gallery-icon landscape'>\n\t\t\t\t<a href='https:\/\/bluebutterfly.etw.hr\/en\/?attachment_id=2220'><img decoding=\"async\" width=\"1024\" height=\"683\" src=\"https:\/\/bluebutterfly.etw.hr\/wp-content\/uploads\/2026\/03\/shutterstock_1110344717-1024x683.jpg\" class=\"attachment-large size-large\" alt=\"\" srcset=\"https:\/\/bluebutterfly.etw.hr\/wp-content\/uploads\/2026\/03\/shutterstock_1110344717-1024x683.jpg 1024w, https:\/\/bluebutterfly.etw.hr\/wp-content\/uploads\/2026\/03\/shutterstock_1110344717-300x200.jpg 300w, https:\/\/bluebutterfly.etw.hr\/wp-content\/uploads\/2026\/03\/shutterstock_1110344717-768x512.jpg 768w, https:\/\/bluebutterfly.etw.hr\/wp-content\/uploads\/2026\/03\/shutterstock_1110344717-1536x1024.jpg 1536w, https:\/\/bluebutterfly.etw.hr\/wp-content\/uploads\/2026\/03\/shutterstock_1110344717-2048x1365.jpg 2048w, https:\/\/bluebutterfly.etw.hr\/wp-content\/uploads\/2026\/03\/shutterstock_1110344717-18x12.jpg 18w, https:\/\/bluebutterfly.etw.hr\/wp-content\/uploads\/2026\/03\/shutterstock_1110344717-15x10.jpg 15w, https:\/\/bluebutterfly.etw.hr\/wp-content\/uploads\/2026\/03\/shutterstock_1110344717-600x400.jpg 600w, https:\/\/bluebutterfly.etw.hr\/wp-content\/uploads\/2026\/03\/shutterstock_1110344717.jpg 1600w\" sizes=\"(max-width: 1024px) 100vw, 1024px\" title=\"\"><\/a>\n\t\t\t<\/div><\/figure>\n\t\t<\/div>\n\n<p><strong>Programs:<\/strong><\/p>\n<p>*cijene u nastavku odnose se na pla\u0107anja gotovinom ili transakcijskim ra\u010dun<\/p>\n<h3><span style=\"color: #ff6600;\"><strong>1. Standard program:<\/strong><\/span><\/h3>\n<ul>\n<li><strong>20 sati njema\u010dkog<\/strong>\/ per week<\/li>\n<\/ul>\n<h3 style=\"padding-left: 40px;\"><span style=\"color: #000080;\"><strong>Price for 1 week: <em>800,00\u20ac<\/em><\/strong><\/span><\/h3>\n<h3 style=\"padding-left: 40px;\"><span style=\"color: #000080;\"><strong>Price for 2 weeks: <em>1500,00\u20ac<\/em><\/strong><\/span><\/h3>\n<h3><span style=\"color: #ff6600;\"><strong>2. Magic program:<\/strong><\/span><\/h3>\n<ul>\n<li><strong>25 sati njema\u010dkog<\/strong>\/ per week<\/li>\n<li>General language course<\/li>\n<li>History (magic Harry)<\/li>\n<li>Astronomy<\/li>\n<li>Geography<\/li>\n<li>Excursion to Observatory<\/li>\n<\/ul>\n<h3 style=\"padding-left: 40px;\"><span style=\"color: #000080;\"><strong>Price for 1 week:<\/strong> <em><strong>900,00\u20ac<\/strong><\/em><\/span><\/h3>\n<h3 style=\"padding-left: 40px;\"><span style=\"color: #000080;\"><strong>Price for 2 weeks: <em>1700,00\u20ac<\/em><\/strong><\/span><\/h3>\n<h3><img decoding=\"async\" class=\"alignnone wp-image-2221\" src=\"https:\/\/bluebutterfly.etw.hr\/wp-content\/uploads\/2026\/03\/shutterstock_1111854287-300x200.jpg\" alt=\"\" width=\"264\" height=\"176\" title=\"\" srcset=\"https:\/\/bluebutterfly.etw.hr\/wp-content\/uploads\/2026\/03\/shutterstock_1111854287-300x200.jpg 300w, https:\/\/bluebutterfly.etw.hr\/wp-content\/uploads\/2026\/03\/shutterstock_1111854287-1024x683.jpg 1024w, https:\/\/bluebutterfly.etw.hr\/wp-content\/uploads\/2026\/03\/shutterstock_1111854287-768x512.jpg 768w, https:\/\/bluebutterfly.etw.hr\/wp-content\/uploads\/2026\/03\/shutterstock_1111854287-1536x1024.jpg 1536w, https:\/\/bluebutterfly.etw.hr\/wp-content\/uploads\/2026\/03\/shutterstock_1111854287-2048x1365.jpg 2048w, https:\/\/bluebutterfly.etw.hr\/wp-content\/uploads\/2026\/03\/shutterstock_1111854287-18x12.jpg 18w, https:\/\/bluebutterfly.etw.hr\/wp-content\/uploads\/2026\/03\/shutterstock_1111854287-15x10.jpg 15w, https:\/\/bluebutterfly.etw.hr\/wp-content\/uploads\/2026\/03\/shutterstock_1111854287-600x400.jpg 600w, https:\/\/bluebutterfly.etw.hr\/wp-content\/uploads\/2026\/03\/shutterstock_1111854287.jpg 1600w\" sizes=\"(max-width: 264px) 100vw, 264px\" \/><img loading=\"lazy\" decoding=\"async\" class=\"alignnone wp-image-2222\" src=\"https:\/\/bluebutterfly.etw.hr\/wp-content\/uploads\/2026\/03\/shutterstock_1980844001-300x156.jpg\" alt=\"\" width=\"335\" height=\"174\" title=\"\" srcset=\"https:\/\/bluebutterfly.etw.hr\/wp-content\/uploads\/2026\/03\/shutterstock_1980844001-300x156.jpg 300w, https:\/\/bluebutterfly.etw.hr\/wp-content\/uploads\/2026\/03\/shutterstock_1980844001-1024x531.jpg 1024w, https:\/\/bluebutterfly.etw.hr\/wp-content\/uploads\/2026\/03\/shutterstock_1980844001-768x398.jpg 768w, https:\/\/bluebutterfly.etw.hr\/wp-content\/uploads\/2026\/03\/shutterstock_1980844001-1536x796.jpg 1536w, https:\/\/bluebutterfly.etw.hr\/wp-content\/uploads\/2026\/03\/shutterstock_1980844001-2048x1062.jpg 2048w, https:\/\/bluebutterfly.etw.hr\/wp-content\/uploads\/2026\/03\/shutterstock_1980844001-18x9.jpg 18w, https:\/\/bluebutterfly.etw.hr\/wp-content\/uploads\/2026\/03\/shutterstock_1980844001-15x8.jpg 15w, https:\/\/bluebutterfly.etw.hr\/wp-content\/uploads\/2026\/03\/shutterstock_1980844001-600x311.jpg 600w, https:\/\/bluebutterfly.etw.hr\/wp-content\/uploads\/2026\/03\/shutterstock_1980844001.jpg 1600w\" sizes=\"(max-width: 335px) 100vw, 335px\" \/><\/h3>\n<p>&nbsp;<\/p>\n<h3><strong>Price includes:<\/strong><\/h3>\n<ul>\n<li>20 odnosno 25 lekcija tjedno (1 lekcija = 50 minuta)<\/li>\n<li>Lessons provided by native speakers<\/li>\n<li>Teaching materials<\/li>\n<li>Certificates<\/li>\n<li>Razgled Svjetionika Rt Savudrija<\/li>\n<li>Raznolike dru\u0161tvene, kulturne i sportske aktivnosti (ko\u0161arka, nogomet, odbojka, mini golf,\u00a0stolni tenis, polivalentno igrali\u0161te)<\/li>\n<li>Accommodation in six-bed wooden bungalows<\/li>\n<li>Full board (breakfast, lunch, dinner)<\/li>\n<li>Bed linen, towels<\/li>\n<li>Private beach with lifeguard service<\/li>\n<li>Health care in the camp<\/li>\n<li>24-hour surveillance<\/li>\n<li>Other services according to the regular price list<\/li>\n<\/ul>\n<h3><strong>\u00a0<\/strong><\/h3>\n<h3><strong>Price does not include:<\/strong><\/h3>\n<ul>\n<li>Excursions<\/li>\n<li>Transfers<\/li>\n<li>Insurance<\/li>\n<\/ul>\n<p>&nbsp;<\/p>\n<h3><strong>\u00a0<\/strong><strong>ADDITIONAL SERVICES (min. 20 participants):<\/strong><\/h3>\n<h3><strong>Excursions<\/strong><\/h3>\n<p><span style=\"color: #ff6600;\"><strong>19.7.-25.7.2026.<\/strong><\/span><\/p>\n<ul>\n<li>Istralandia &#8211; 90 \u20ac. Vodeni park Istralandia naziva se najzabavnijom vodom u Istri.<br \/>\nPrice includes: transfer, tour leader, entrance ticket<\/li>\n<li>Vi\u0161njan, posjet zvjezdarnici &#8211; 90 \u20ac. Zvjezdarnica Vi\u0161njan nalazi se 16 km od Pore\u010da u selu Ti\u0107an. Prema broju asteroida koji su otkriveni u Vi\u0161njanu, \u010dine ovu zvjezdarnicu 12. najproduktivnijom zvjezdarnicom svih vremena.<br \/>\nPrice includes: transfer, tour leader, entrance ticket and astronomy lecture<\/li>\n<\/ul>\n<p>&nbsp;<\/p>\n<p><img loading=\"lazy\" decoding=\"async\" src=\"https:\/\/astro.hr\/files\/2020\/01\/edu_20151011_N5256.jpg\" width=\"320\" height=\"238\" alt=\"\" title=\"\"> \u00a0<img loading=\"lazy\" decoding=\"async\" class=\"alignleft\" src=\"https:\/\/astro.hr\/files\/2020\/01\/M42_bc_RGB_60_L_30_mosaic-1024x591.jpg\" alt=\"Astronomsko dru\u0161tvo Vi\u0161njan\" width=\"407\" height=\"235\" title=\"\"><\/p>\n<p><img loading=\"lazy\" decoding=\"async\" class=\"alignleft\" src=\"https:\/\/croinvest.eu\/wp-content\/uploads\/2020\/12\/Asteroid-Crowdfunding-kampanja-Zvjezdarnica-Vi%C5%A1njan.jpg\" alt=\"Nebo je granica: pomozimo Zvjezdarnici Vi\u0161njan educirati nove generacije znanstvenika - Croinvest\" width=\"410\" height=\"231\" title=\"\"><\/p>\n<p>&nbsp;<\/p>\n<p>&nbsp;<\/p>\n<p>&nbsp;<\/p>\n<p>&nbsp;<\/p>\n<p>&nbsp;<\/p>\n<p>&nbsp;<\/p>\n<p><span style=\"color: #ff6600;\"><strong>26.7.-1.8.2026.<\/strong><\/span><\/p>\n<ul style=\"font-variant-ligatures: normal; font-variant-caps: normal; font-family: Roboto, sans-serif; font-size: 14px; font-style: normal; font-weight: 400;\">\n<li style=\"font-size: 14px;\">Razgled delfina &amp; zalazak sunca, Savudrija &#8211; 85 \u20ac. Tra\u017eenje dupina uz obalu od Savudrije do Umaga i natrag.<br \/>\nCijena uklju\u010duje: prijevoz brodom, vodi\u010da, grickalice<\/li>\n<li style=\"font-size: 14px;\">Vi\u0161njan, posjet zvjezdarnici &#8211; 90 \u20ac. Zvjezdarnica Vi\u0161njan nalazi se 16 km od Pore\u010da u selu Ti\u0107an. Prema broju asteroida koji su otkriveni u Vi\u0161njanu, \u010dine ovu zvjezdarnicu 12. najproduktivnijom zvjezdarnicom svih vremena.<\/li>\n<li style=\"font-size: 14px;\">Price includes: transfer, tour leader, entrance ticket and astronomy lecture<\/li>\n<\/ul>\n<p><img loading=\"lazy\" decoding=\"async\" class=\"alignleft wp-image-2223\" src=\"https:\/\/bluebutterfly.etw.hr\/wp-content\/uploads\/2026\/03\/shutterstock_1646450284-300x217.jpg\" alt=\"\" width=\"426\" height=\"309\" title=\"\" srcset=\"https:\/\/bluebutterfly.etw.hr\/wp-content\/uploads\/2026\/03\/shutterstock_1646450284-300x217.jpg 300w, https:\/\/bluebutterfly.etw.hr\/wp-content\/uploads\/2026\/03\/shutterstock_1646450284-1024x740.jpg 1024w, https:\/\/bluebutterfly.etw.hr\/wp-content\/uploads\/2026\/03\/shutterstock_1646450284-768x555.jpg 768w, https:\/\/bluebutterfly.etw.hr\/wp-content\/uploads\/2026\/03\/shutterstock_1646450284-1536x1109.jpg 1536w, https:\/\/bluebutterfly.etw.hr\/wp-content\/uploads\/2026\/03\/shutterstock_1646450284-2048x1479.jpg 2048w, https:\/\/bluebutterfly.etw.hr\/wp-content\/uploads\/2026\/03\/shutterstock_1646450284-18x12.jpg 18w, https:\/\/bluebutterfly.etw.hr\/wp-content\/uploads\/2026\/03\/shutterstock_1646450284-15x11.jpg 15w, https:\/\/bluebutterfly.etw.hr\/wp-content\/uploads\/2026\/03\/shutterstock_1646450284.jpg 1600w\" sizes=\"(max-width: 426px) 100vw, 426px\" \/><\/p>\n<p><img loading=\"lazy\" decoding=\"async\" class=\"alignnone\" src=\"https:\/\/udrugakampista.hr\/images\/uploads\/Istralandia-0028-1800x1200.jpg\" alt=\"Aquapark Istralandia | UKH - Udruga Kampista Hrvatske\" width=\"461\" height=\"307\" title=\"\"><\/p>\n<p>&nbsp;<\/p>\n<h3><\/h3>\n<h3><strong>Transfers<\/strong><\/h3>\n<p>Transfer from Zagreb Airport to Savudrija per person per way: \u20ac280<\/p>\n<p>Transfer from Pula Airport to Savudrija per person per way \u20ac150<\/p>\n<h3><strong>Activities<\/strong><\/h3>\n<ul>\n<li>Water park: \u20ac15 \/ 1 hour<\/li>\n<li>Kayak tour: \u20ac50 (duration: 4 hours)<\/li>\n<li>Kayak: \u20ac30 \/ per person \/ 1 hour<\/li>\n<li>Pedal boats: \u20ac20 \/ 1 hour<\/li>\n<li>Snorkeling: \u20ac40 \/ 1 hour<\/li>\n<li>Scuba Ranger Ronjenje (ronjenje za djecu uz instruktora do 2 metra dubine u trajanju 1 sat): 40 eur \/ po osobitra\u017eenje dupina uz obalu od Savudrije do Umaga i natragnjema<\/li>\n<\/ul>\n<p>&nbsp;<\/p>","protected":false},"excerpt":{"rendered":"<p data-start=\"62\" data-end=\"126\"><strong data-start=\"62\" data-end=\"124\">Bilingual summer kamp za djecu i tinejd\u017eere (8\u201317 godina)<\/strong><\/p>\n<p data-start=\"128\" data-end=\"266\">\u017deli\u0161 ljeto puno kreativnosti, zabave i u\u010denja? <strong data-start=\"176\" data-end=\"194\">Blue Butterfly<\/strong> je pravo mjesto za tebe! Na\u0161 kamp je smje\u0161ten u zelenoj oazi uz more.<\/p>\n<p data-start=\"268\" data-end=\"462\">Odaberi njema\u010dki ili engleski jezik, po \u017eelji odaberi program i pripreme za slu\u017ebeni te\u010daj znanja njema\u010dkog jezika <strong data-start=\"330\" data-end=\"358\">telc certifikat. U<\/strong>\u010di zajedno s tinejd\u017eerima igraju\u0107i se i istra\u017euju\u0107i\u00a0 zajedno.<\/p>\n<p data-start=\"464\" data-end=\"584\">Pogledaj dolje za opis te\u010dajeva, cijene i fotografije. Prijavi se danas i pretvori svoje ljeto u nezaboravnu avanturu!<\/p>\n<h4 role=\"heading\"><\/h4>\n<h4 role=\"heading\">Bilingual Summer Camp for\u00a0 Kids\/Teens (8\u201317)<\/h4>\n<p>Want a summer that\u2019s creative, fun and eduacted? Blue Butterflly is the place to be! Our campus is a green oasis by the sea.<\/p>\n<p>Choose German or English, go for an official telc German certificate if you want, and learn alongside teens from 4+ countries &#8211; living, playing out, and discovering\u00a0 together.<\/p>\n<p>Scroll down to see course descriptions, prices, and photos. Sign up today and turn your summer into an unforgettable adventure!<\/p>","protected":false},"featured_media":1109,"comment_status":"open","ping_status":"closed","template":"","meta":[],"product_brand":[],"product_cat":[24,26],"product_tag":[57,58,47,81,39,61,59,37,56,60,33,48],"class_list":{"0":"post-2194","1":"product","2":"type-product","3":"status-publish","4":"has-post-thumbnail","6":"product_cat-language-camp","7":"product_cat-savudrija-camp","8":"product_tag-adventure","9":"product_tag-adventure-program","10":"product_tag-blue-butterfly","11":"product_tag-english-language","12":"product_tag-english-summer-camp","13":"product_tag-jet-ski","14":"product_tag-kayak","15":"product_tag-savudrija","16":"product_tag-savudrija-adventure-program","17":"product_tag-snorkelling","18":"product_tag-summer-camp","19":"product_tag-summer-school","20":"tm-no-options","22":"entry","23":"has-media","25":"first","26":"instock","27":"featured","28":"shipping-taxable","29":"purchasable","30":"product-type-variable","31":"has-product-nav","32":"col","33":"span_1_of_3","34":"owp-content-center","35":"owp-thumbs-layout-horizontal","36":"owp-btn-big","37":"owp-tabs-layout-horizontal"},"_links":{"self":[{"href":"https:\/\/bluebutterfly.etw.hr\/en\/wp-json\/wp\/v2\/product\/2194","targetHints":{"allow":["GET"]}}],"collection":[{"href":"https:\/\/bluebutterfly.etw.hr\/en\/wp-json\/wp\/v2\/product"}],"about":[{"href":"https:\/\/bluebutterfly.etw.hr\/en\/wp-json\/wp\/v2\/types\/product"}],"replies":[{"embeddable":true,"href":"https:\/\/bluebutterfly.etw.hr\/en\/wp-json\/wp\/v2\/comments?post=2194"}],"version-history":[{"count":21,"href":"https:\/\/bluebutterfly.etw.hr\/en\/wp-json\/wp\/v2\/product\/2194\/revisions"}],"predecessor-version":[{"id":2290,"href":"https:\/\/bluebutterfly.etw.hr\/en\/wp-json\/wp\/v2\/product\/2194\/revisions\/2290"}],"wp:featuredmedia":[{"embeddable":true,"href":"https:\/\/bluebutterfly.etw.hr\/en\/wp-json\/wp\/v2\/media\/1109"}],"wp:attachment":[{"href":"https:\/\/bluebutterfly.etw.hr\/en\/wp-json\/wp\/v2\/media?parent=2194"}],"wp:term":[{"taxonomy":"product_brand","embeddable":true,"href":"https:\/\/bluebutterfly.etw.hr\/en\/wp-json\/wp\/v2\/product_brand?post=2194"},{"taxonomy":"product_cat","embeddable":true,"href":"https:\/\/bluebutterfly.etw.hr\/en\/wp-json\/wp\/v2\/product_cat?post=2194"},{"taxonomy":"product_tag","embeddable":true,"href":"https:\/\/bluebutterfly.etw.hr\/en\/wp-json\/wp\/v2\/product_tag?post=2194"}],"curies":[{"name":"wp","href":"https:\/\/api.w.org\/{rel}","templated":true}]}}