{"id":1866,"date":"2025-05-27T09:37:51","date_gmt":"2025-05-27T09:37:51","guid":{"rendered":"https:\/\/bluebutterfly.etw.hr\/?post_type=product&#038;p=1866"},"modified":"2026-04-01T22:43:38","modified_gmt":"2026-04-01T22:43:38","slug":"tecaj-jedrenja-murter-2026","status":"publish","type":"product","link":"https:\/\/bluebutterfly.etw.hr\/en\/camp\/tecaj-jedrenja-murter-2026\/","title":{"rendered":"Te\u010daj jedrenja &#8211; Murter | 14-30 god. | 2026."},"content":{"rendered":"<h1>Te\u010daj jedrenja &#8211; Murter | 14-30 god. | 2026.<\/h1>\n<h3><\/h3>\n<h3><span style=\"color: #000000;\"><strong>Datum: <\/strong><\/span><span style=\"color: #000000;\"><strong><span style=\"color: #3366ff;\">pridru\u017ei se te\u010daju jedrenja svake nedjelje od lipnja do kolovoza<\/span><\/strong><\/span><\/h3>\n<ul>\n<li style=\"list-style-type: none;\">\n<ul>\n<li><strong><span style=\"color: #3366ff;\">te\u010daj traje 5 dana<\/span><\/strong><\/li>\n<\/ul>\n<\/li>\n<\/ul>\n<p>&nbsp;<\/p>\n<h3><span style=\"color: #000000;\"><b>Dob: <\/b><span style=\"color: #3366ff;\">14-30 godina<\/span><\/span><\/h3>\n<ul>\n<li style=\"list-style-type: none;\">\n<ul>\n<li><strong><span style=\"color: #3366ff;\">za maloljetne osobe potrebna je suglasnost roditelja<\/span><\/strong><\/li>\n<\/ul>\n<\/li>\n<\/ul>\n<p>&nbsp;<\/p>\n<h3><span style=\"color: #000000;\"><strong>Cijena:<\/strong> <span style=\"color: #ff0000;\">760,00 \u20ac<\/span><\/span><\/h3>\n<p class=\"responsive-video-wrap clr\"><iframe title=\"Learn to sail with us!   ANAsail\" width=\"1200\" height=\"675\" src=\"https:\/\/www.youtube.com\/embed\/RlrV6OWSG5I?start=3&#038;feature=oembed&#038;enablejsapi=1&#038;origin=https:\/\/bluebutterfly.etw.hr\" frameborder=\"0\" allow=\"accelerometer; autoplay; clipboard-write; encrypted-media; gyroscope; picture-in-picture; web-share\" referrerpolicy=\"strict-origin-when-cross-origin\" allowfullscreen><\/iframe><\/p>\n<h3 class=\"LC20lb MBeuO DKV0Md\"><span style=\"color: #000080;\">A.N.A. &#8211; \u0160kola jedrenja &amp; certificirani RYA trening centar<\/span><\/h3>\n<p><span style=\"color: #000080;\"><strong>Academia Navalis Adriatica<\/strong><\/span> me\u0111unarodna je \u0161kola jedrenja i pomorskih vje\u0161tina koju je tijekom vi\u0161e od 35 godina postojanja poha\u0111alo vi\u0161e od 16.000 polaznika. Osim \u0161kole jedrenja, nudi i certificirani RYA Training Center (Royal Yachting Association), koji osigurava me\u0111unarodnu certifikaciju jedrili\u010dara prema posebno razvijenim programima.<\/p>\n<p><strong>Jedrite u akvatoriju otoka Murtera!<\/strong><\/p>\n<p><strong>Murter <\/strong>&#8211; mali otok u Sjevernoj Dalmaciji blizu \u0160ibenika. Otok s kopnom povezuje most u Tisnom.<\/p>\n<p>&nbsp;<\/p>\n<h3><span style=\"color: #000080;\">PRIMJER DNEVNOG RASPOREDA JEDRENJA:<\/span><\/h3>\n<ul>\n<li>08:30 \u2013 10:00 teorija u u\u010dionici<\/li>\n<li>10:00 \u2013 13:00 praksa na moru<\/li>\n<li>13:00 \u2013 14:00 pauza za ru\u010dak i odmor (uz sidrenje)<\/li>\n<li>14:00 \u2013 17:00 nastavak prakse na moru<\/li>\n<li>17:00 \u2013 povratak u marinu i analiza dana<\/li>\n<\/ul>\n<p>&nbsp;<\/p>\n<p><span style=\"color: #000080;\"><strong>Trajanje programa:\u00a0<\/strong><\/span><strong>5 dana (nedjelja \u2013 petak)<\/strong><br \/>\n<strong>Po\u010detak<\/strong>: dolazak u marinu je u nedjelju \ud83d\udcc5 u 18:00 h u ACI marinu Jezera &#8211; trajanje cca 1-1,5h<br \/>\nRadi se o:<\/p>\n<ul>\n<li>upoznavanju s instruktorom i grupom<\/li>\n<li>kratkom uvodu u program<\/li>\n<\/ul>\n<p>Te\u010daj slu\u017ebeno po\u010dinje u ponedjeljak u 08:30 (u u\u010dionici) i traje do petka<\/p>\n<p><strong>Zavr\u0161etak<\/strong>: petak u 17:00 (dodjela diploma i logbooka)<\/p>\n<p><span style=\"color: #000080;\"><strong>Predznanje:<\/strong><\/span> Nije potrebno<\/p>\n<div class=\"gdlr-core-pbf-column gdlr-core-column-36\">\n<div class=\"gdlr-core-pbf-column-content-margin gdlr-core-js\">\n<div class=\"gdlr-core-pbf-column-content clearfix gdlr-core-js\">\n<div class=\"gdlr-core-pbf-element\">\n<div class=\"gdlr-core-text-box-item gdlr-core-item-pdlr gdlr-core-item-pdb gdlr-core-left-align\">\n<div class=\"gdlr-core-text-box-item-content\">\n<p><span style=\"color: #000080;\"><strong>Minimalni preduvjeti:<\/strong><\/span> Vje\u0161tina plivanja i spremnost na tjelesnu aktivnost<\/p>\n<\/div>\n<\/div>\n<\/div>\n<\/div>\n<\/div>\n<\/div>\n<div class=\"gdlr-core-pbf-element\">\n<div class=\"gdlr-core-divider-item gdlr-core-divider-item-normal gdlr-core-item-pdlr gdlr-core-center-align\"><strong><span style=\"color: #000080;\">Potvrda:<\/span><\/strong> Svaki polaznik \u0107e po zavr\u0161etku programa dobiti diplomu kao priznanje sudjelovanja na programu, te logbook s evidentiranim stupnjem usvojenih vje\u0161tina, prije\u0111enih milja te vremenskih uvjeta u kojima su vje\u0161tine ste\u010dene.<\/div>\n<\/div>\n<div><\/div>\n<div><span style=\"color: #000080;\"><strong>Potrebna oprema:<\/strong><\/span>\u00a0Jedrili\u010darske rukavice, dva para obu\u0107e (brodarice, tenisice ili druga obu\u0107a koja ne proklizava), majice kratkih i dugih rukava, kratke i duge hla\u010de, kreme za za\u0161titu od sunca visokog za\u0161titnog faktora, kape ili \u0161e\u0161ire, sun\u010dane nao\u010dale, sredstva za osobnu higijenu, kupa\u0107i kostim, sredstvo protiv komaraca.<\/div>\n<div><\/div>\n<div>\n<p><span style=\"color: #000080;\"><strong>\u0160to ponijeti na jedrilicu:<\/strong><\/span><\/p>\n<ul>\n<li>Adekvatnu odje\u0107u i obu\u0107u, sredstvo za za\u0161titu od sunca, osobne lijekove i ostale osobne potrep\u0161tine, vodu za pi\u0107e, lunch paket (uz prethodni dogovor s instruktorom).<\/li>\n<\/ul>\n<\/div>\n<div><\/div>\n<p>&nbsp;<\/p>\n<p><img fetchpriority=\"high\" decoding=\"async\" class=\"size-medium wp-image-1152 alignleft\" src=\"https:\/\/bluebutterfly.etw.hr\/wp-content\/uploads\/2020\/01\/Dizajn-bez-naslova-32-300x225.png\" alt=\"\" width=\"300\" height=\"225\" title=\"\" srcset=\"https:\/\/bluebutterfly.etw.hr\/wp-content\/uploads\/2020\/01\/Dizajn-bez-naslova-32-300x225.png 300w, https:\/\/bluebutterfly.etw.hr\/wp-content\/uploads\/2020\/01\/Dizajn-bez-naslova-32-768x576.png 768w, https:\/\/bluebutterfly.etw.hr\/wp-content\/uploads\/2020\/01\/Dizajn-bez-naslova-32-15x11.png 15w, https:\/\/bluebutterfly.etw.hr\/wp-content\/uploads\/2020\/01\/Dizajn-bez-naslova-32-600x450.png 600w, https:\/\/bluebutterfly.etw.hr\/wp-content\/uploads\/2020\/01\/Dizajn-bez-naslova-32.png 960w\" sizes=\"(max-width: 300px) 100vw, 300px\" \/><img decoding=\"async\" class=\"size-medium wp-image-1151 alignleft\" src=\"https:\/\/bluebutterfly.etw.hr\/wp-content\/uploads\/2020\/01\/Dizajn-bez-naslova-31-300x225.png\" alt=\"\" width=\"300\" height=\"225\" title=\"\" srcset=\"https:\/\/bluebutterfly.etw.hr\/wp-content\/uploads\/2020\/01\/Dizajn-bez-naslova-31-300x225.png 300w, https:\/\/bluebutterfly.etw.hr\/wp-content\/uploads\/2020\/01\/Dizajn-bez-naslova-31-768x576.png 768w, https:\/\/bluebutterfly.etw.hr\/wp-content\/uploads\/2020\/01\/Dizajn-bez-naslova-31-15x11.png 15w, https:\/\/bluebutterfly.etw.hr\/wp-content\/uploads\/2020\/01\/Dizajn-bez-naslova-31-600x450.png 600w, https:\/\/bluebutterfly.etw.hr\/wp-content\/uploads\/2020\/01\/Dizajn-bez-naslova-31.png 960w\" sizes=\"(max-width: 300px) 100vw, 300px\" \/><img decoding=\"async\" class=\"size-medium wp-image-1146 alignleft\" src=\"https:\/\/bluebutterfly.etw.hr\/wp-content\/uploads\/2020\/01\/Dizajn-bez-naslova-26-300x225.png\" alt=\"\" width=\"300\" height=\"225\" title=\"\" srcset=\"https:\/\/bluebutterfly.etw.hr\/wp-content\/uploads\/2020\/01\/Dizajn-bez-naslova-26-300x225.png 300w, https:\/\/bluebutterfly.etw.hr\/wp-content\/uploads\/2020\/01\/Dizajn-bez-naslova-26-768x576.png 768w, https:\/\/bluebutterfly.etw.hr\/wp-content\/uploads\/2020\/01\/Dizajn-bez-naslova-26-15x11.png 15w, https:\/\/bluebutterfly.etw.hr\/wp-content\/uploads\/2020\/01\/Dizajn-bez-naslova-26-600x450.png 600w, https:\/\/bluebutterfly.etw.hr\/wp-content\/uploads\/2020\/01\/Dizajn-bez-naslova-26.png 960w\" sizes=\"(max-width: 300px) 100vw, 300px\" \/><\/p>\n<p>&nbsp;<\/p>\n<p>&nbsp;<\/p>\n<p>&nbsp;<\/p>\n<p>&nbsp;<\/p>\n<p>&nbsp;<\/p>\n<p>&nbsp;<\/p>\n<p>&nbsp;<\/p>\n<p><strong>Osnove jedrenja \u2013 kome je ovaj te\u010daj namijenjen?<\/strong><\/p>\n<p>Osnove jedrenja je te\u010daj namijenjen po\u010detnicima koji nikad nisu jedrili i svima koji \u017eele aktivno provesti svoj odmor.<\/p>\n<p>Tisu\u0107e polaznika poklonilo je povjerenje u vi\u0161e od 30 godina postojanja i iskustva, mnogi redovno dolaze svake sezone, neki su postali instruktori jedrenja, a gotovo su svi zavoljeli jedrenje i usvojili ga kao \u017eivotni stil.<\/p>\n<p>Te\u010daj jedrenja za po\u010detnike je osmi\u0161ljen tako da je lako pratiti teorijski dio na kopnu uz pomo\u0107 priru\u010dnika.\u00a0Priru\u010dnik je na hrvatskom i engleskom jeziku. Nakon teorijskog dijela, slijedi isplovljavanje i prakti\u010dni dio.<\/p>\n<p><span style=\"color: #000000;\"><strong>Cilj programa\u00a0<\/strong><\/span><\/p>\n<p>Prilagoditi se vjetru, moru i \u017eivotu na jedrilici, upoznati osnovne tehnike jedrenja i shvatiti temeljnu logiku pona\u0161anja nauti\u010dara na moru.<\/p>\n<p><span style=\"color: #000000;\"><strong>Usvojena znanja na te\u010daju jedrenja<\/strong><\/span><\/p>\n<p><span style=\"color: #000000;\">Polaznici \u0107e zapo\u010deti s u\u010denjem osnovnih dijelova jedrilice, koriste\u0107i pri tom englesko nazivlje za sve njezine dijelove. Naravo, i uz hrvatske izraze za sve koji \u017eele znati vi\u0161e. Polaznici \u0107e nau\u010diti sve osnovne smjerove kretanja jedrilice, kako namjestiti jedra, te gdje se koji \u010dlan posade mora nalaziti u odre\u0111enom trenutku. <\/span><span style=\"color: #000000;\">Nau\u010dit \u0107e koja se jedra koriste i kada, uz trimanje jedara i kra\u0107enje jedara ovisno o ja\u010dini vjetra. U preostalim danima nau\u010dit \u0107e okret u vjetar i niz vjetar s glavnim jedrom i genovom, \u0161to je to prividni vjetar, \u0161to zna\u010di jedriti u kursu, te pravila izbjegavanja sudara na moru. Naravno, svaki se dan u\u010de i mornarski \u010dvorovi, koji su im potrebni da bi mogli jedriti, a na kraju te\u010daja znat \u0107e ih ukupno sedam.<\/span><\/p>\n<p><span style=\"color: #000000;\"><strong>Sailing route<\/strong><\/span><\/p>\n<p>Akvatorij otoka Murtera. Odnosno plovit \u0107e se u vodama oko otoka*: Zlarin, Prvi\u0107, Kaprije, \u017dirje i zapadnog dijela otoka Murtera prema Kornatima.<\/p>\n<p><em>*Ruta plovidbe podlo\u017ena je promjenama ovisno o trenutnim vremenskim uvjetima, vjetru i prognozi.<\/em><\/p>\n<p><strong>Teorijski i prakti\u010dni dio obuhva\u0107aju<\/strong><\/p>\n<ul>\n<li>Sigurnost na brodu i moru<\/li>\n<li>Nazivlje na jedrilici (engleska terminologija za sve te\u010dajeve)<\/li>\n<li>Osnovni smjerovi kretanja jedrilice (close hauling, reaching, broad reaching, down wind)<\/li>\n<li>Port\/starboard side, wind ward\/lee ward side<\/li>\n<li>Za\u0161to jedrilica ide naprijed (Bernoullijev zakon)<\/li>\n<li>Pozicije \u010dlanova posade<\/li>\n<li>Jedra i namje\u0161tanje jedara<\/li>\n<li>Osnove trimanja jedara<\/li>\n<li>Kra\u0107enje jedara<\/li>\n<li>Jedrenje u kursu<\/li>\n<li>Okret u vjetar \u2013 tack<\/li>\n<li>Okret niz vjetar \u2013 gybe<\/li>\n<li>Izbjegavanje sudara na moru<\/li>\n<li>Sidrenje<\/li>\n<li>Prividni vjetar<\/li>\n<li>Meteorologija \u2013 o vjetru i ru\u017ea vjetrova<\/li>\n<li>\u010cvorovi \u2013 pa\u0161njak, vrzni, zastavni, mu\u0161ki, sidreni, pluta\u010dni \u010dvor i osmica<\/li>\n<\/ul>\n<p>&nbsp;<\/p>\n<p><img loading=\"lazy\" decoding=\"async\" class=\"size-medium wp-image-1132 alignleft\" src=\"https:\/\/bluebutterfly.etw.hr\/wp-content\/uploads\/2020\/01\/Dizajn-bez-naslova-9-300x169.png\" alt=\"\" width=\"300\" height=\"169\" title=\"\"> <img loading=\"lazy\" decoding=\"async\" class=\"size-medium wp-image-1128 alignleft\" src=\"https:\/\/bluebutterfly.etw.hr\/wp-content\/uploads\/2020\/01\/Dizajn-bez-naslova-3-300x169.png\" alt=\"\" width=\"300\" height=\"169\" title=\"\" srcset=\"https:\/\/bluebutterfly.etw.hr\/wp-content\/uploads\/2020\/01\/Dizajn-bez-naslova-3-300x169.png 300w, https:\/\/bluebutterfly.etw.hr\/wp-content\/uploads\/2020\/01\/Dizajn-bez-naslova-3-1024x576.png 1024w, https:\/\/bluebutterfly.etw.hr\/wp-content\/uploads\/2020\/01\/Dizajn-bez-naslova-3-768x432.png 768w, https:\/\/bluebutterfly.etw.hr\/wp-content\/uploads\/2020\/01\/Dizajn-bez-naslova-3-1536x864.png 1536w, https:\/\/bluebutterfly.etw.hr\/wp-content\/uploads\/2020\/01\/Dizajn-bez-naslova-3-2048x1152.png 2048w, https:\/\/bluebutterfly.etw.hr\/wp-content\/uploads\/2020\/01\/Dizajn-bez-naslova-3-15x8.png 15w, https:\/\/bluebutterfly.etw.hr\/wp-content\/uploads\/2020\/01\/Dizajn-bez-naslova-3-600x338.png 600w, https:\/\/bluebutterfly.etw.hr\/wp-content\/uploads\/2020\/01\/Dizajn-bez-naslova-3.png 1600w\" sizes=\"(max-width: 300px) 100vw, 300px\" \/><\/p>\n<h4><\/h4>\n<p>&nbsp;<\/p>\n<p>&nbsp;<\/p>\n<p>&nbsp;<\/p>\n<p>&nbsp;<\/p>\n<p>&nbsp;<\/p>\n<p><span style=\"color: #000080;\"><strong>INCLUDED IN PRICE:\n\u2013 Basic \/ advanced sailing course \u2013 one week (1\u00d75 days)\n\u2013 accommodation in 1\/2 apartments on the full board basis (breakfast, lunch, dinner) with own bathroom\n\u2013 social and sport activities<\/strong><\/span><\/p>\n<ul>\n<li><strong>Osnovni te\u010daj jedrenja &#8211; <\/strong>kod certificiranog RYA trening centra(Royal Yachting Association)<\/li>\n<li>Study material<\/li>\n<li>Diploma za sudjelovanje na programu, te logbook s evidentiranim stupnjem usvojenih vje\u0161tina, prije\u0111enih milja te vremenskih uvjeta u kojima su vje\u0161tine ste\u010dene<\/li>\n<\/ul>\n<p>&nbsp;<\/p>\n<p><span style=\"color: #000080;\"><strong>NOT INCLUDED IN THE PRICE:<\/strong><\/span><\/p>\n<ul>\n<li>Putno zdravstveno osiguranje<\/li>\n<li>Transfer do Murtera<\/li>\n<li>Druge usluge koje nisu spomenute u itinereru<\/li>\n<\/ul>\n<p>&nbsp;<\/p>","protected":false},"excerpt":{"rendered":"<p>Te\u010daj jedrenja &#8211; Murter | 14-30 god. | 2026. Datum: pridru\u017ei se te\u010daju jedrenja svake nedjelje od lipnja do kolovoza te\u010daj traje 5 dana &nbsp; Dob: 14-30 godina za maloljetne osobe potrebna je suglasnost roditelja &nbsp; Cijena: 760,00 \u20ac A.N.A. &#8211; \u0160kola jedrenja &amp; certificirani RYA trening centar Academia Navalis Adriatica me\u0111unarodna je \u0161kola jedrenja [&hellip;]<\/p>\n","protected":false},"featured_media":998,"comment_status":"open","ping_status":"closed","template":"","meta":[],"product_brand":[],"product_cat":[86],"product_tag":[186,47,93,27,29,34,30,187,188,189,94,191,190,192],"class_list":{"0":"post-1866","1":"product","2":"type-product","3":"status-publish","4":"has-post-thumbnail","6":"product_cat-sailing-school-murter","7":"product_tag-adriatic-sea","8":"product_tag-blue-butterfly","9":"product_tag-croatia-sailing","10":"product_tag-murter","11":"product_tag-murter-sailing","12":"product_tag-murter-summer-camp","13":"product_tag-sailing","14":"product_tag-sailing-adriatic-sea","15":"product_tag-sailing-for-begginers","16":"product_tag-sailing-for-kids","17":"product_tag-sailing-fun","18":"product_tag-summer-activities","19":"product_tag-summer-sailing","20":"product_tag-tecaj-jedrenja","21":"tm-no-options","23":"entry","24":"has-media","26":"first","27":"instock","28":"featured","29":"sold-individually","30":"shipping-taxable","31":"purchasable","32":"product-type-simple","33":"has-product-nav","34":"col","35":"span_1_of_3","36":"owp-content-center","37":"owp-thumbs-layout-horizontal","38":"owp-btn-big","39":"owp-tabs-layout-horizontal"},"_links":{"self":[{"href":"https:\/\/bluebutterfly.etw.hr\/en\/wp-json\/wp\/v2\/product\/1866","targetHints":{"allow":["GET"]}}],"collection":[{"href":"https:\/\/bluebutterfly.etw.hr\/en\/wp-json\/wp\/v2\/product"}],"about":[{"href":"https:\/\/bluebutterfly.etw.hr\/en\/wp-json\/wp\/v2\/types\/product"}],"replies":[{"embeddable":true,"href":"https:\/\/bluebutterfly.etw.hr\/en\/wp-json\/wp\/v2\/comments?post=1866"}],"version-history":[{"count":10,"href":"https:\/\/bluebutterfly.etw.hr\/en\/wp-json\/wp\/v2\/product\/1866\/revisions"}],"predecessor-version":[{"id":2288,"href":"https:\/\/bluebutterfly.etw.hr\/en\/wp-json\/wp\/v2\/product\/1866\/revisions\/2288"}],"wp:featuredmedia":[{"embeddable":true,"href":"https:\/\/bluebutterfly.etw.hr\/en\/wp-json\/wp\/v2\/media\/998"}],"wp:attachment":[{"href":"https:\/\/bluebutterfly.etw.hr\/en\/wp-json\/wp\/v2\/media?parent=1866"}],"wp:term":[{"taxonomy":"product_brand","embeddable":true,"href":"https:\/\/bluebutterfly.etw.hr\/en\/wp-json\/wp\/v2\/product_brand?post=1866"},{"taxonomy":"product_cat","embeddable":true,"href":"https:\/\/bluebutterfly.etw.hr\/en\/wp-json\/wp\/v2\/product_cat?post=1866"},{"taxonomy":"product_tag","embeddable":true,"href":"https:\/\/bluebutterfly.etw.hr\/en\/wp-json\/wp\/v2\/product_tag?post=1866"}],"curies":[{"name":"wp","href":"https:\/\/api.w.org\/{rel}","templated":true}]}}