{"id":1594,"date":"2023-11-08T09:53:23","date_gmt":"2023-11-08T09:53:23","guid":{"rendered":"https:\/\/bluebutterfly.etw.hr\/?post_type=product&#038;p=1594"},"modified":"2025-11-07T10:41:30","modified_gmt":"2025-11-07T10:41:30","slug":"americki-ljetni-kamp-sibenik-classic","status":"publish","type":"product","link":"https:\/\/bluebutterfly.etw.hr\/en\/camp\/americki-ljetni-kamp-sibenik-classic\/","title":{"rendered":"Ameri\u010dki ljetni kamp engleskog jezika u \u0160ibeniku &#8211; Classic program, 12.7.-26.7.2026."},"content":{"rendered":"<h2>Ameri\u010dki ljetni kamp engleskog jezika u \u0160ibeniku &#8211; Classic program, 12.7.-26.7.2026.<\/h2>\n<h4>The Blue Butterfly summer camp is held in the historical St. John's Fortress in \u0160ibenik. The old fortress was built in 1646, and today it provides accommodation, classrooms and organized educational spaces for our English summer camp.<br \/>\nLearn English, make new friendships, enjoy the sea, the sun and an incredible experience of history first hand at our Blue Butterfly summer camp.<\/h4>\n<p><img fetchpriority=\"high\" decoding=\"async\" class=\"aligncenter wp-image-1664 size-large\" src=\"https:\/\/bluebutterfly.etw.hr\/wp-content\/uploads\/2023\/11\/Sibenik-8-1-1024x681.jpg\" alt=\"\" width=\"1024\" height=\"681\" title=\"\" srcset=\"\" sizes=\"(max-width: 1024px) 100vw, 1024px\" data-srcset=\"\" \/><\/p>\n<h1><\/h1>\n<ul class=\"custom-attributes\">\n<li><strong><span class=\"attribute-label\">Termin: 12.7.-26.7.2026.<\/span><\/strong><span class=\"attribute-value\"><br \/>\n<\/span><\/li>\n<li class=\"location savudrija-croatia\"><span class=\"attribute-label\">Location: \u0160ibenik<\/span><\/li>\n<li class=\"age 9-17\"><span class=\"attribute-label\">Age: 9<\/span><span class=\"attribute-value\">\u00a0-17<\/span><\/li>\n<li class=\"minimum-duration-of-stay 2-weeks\"><span class=\"attribute-label\">The minimum duration of stay:<\/span><span class=\"attribute-value\"> 1 week<\/span><\/li>\n<li class=\"teachers native-speakers translation-block\">Teachers: native speakers<\/li>\n<\/ul>\n<p><strong>\u00a0 \u00a0 <\/strong><\/p>\n<h3><strong>Price for 1\/4 rooms: <span style=\"color: #ff0000;\">1300,00 \u20ac\/tjedan<\/span><\/strong><\/h3>\n<p>&nbsp;<\/p>\n<p><strong>The Blue Butterfly summer camp is held in the historical St. John's Fortress in \u0160ibenik.<\/strong><\/p>\n<div class=\"et_pb_module et_pb_text et_pb_text_9 et_pb_text_align_left et_pb_bg_layout_dark\">\n<div class=\"elementor-element elementor-element-fba3ab5 elementor-widget elementor-widget-text-editor\" data-id=\"fba3ab5\" data-element_type=\"widget\" data-widget_type=\"text-editor.default\">\n<div class=\"elementor-widget-container\">\n<p><strong>St. John's Fortress\u00a0<\/strong>was built in 1646 in less than two months at the beginning of the Candian War according to the project of the Venetian military engineer Antonio.<\/p>\n<p>A year later, in 1647, there were heavy battles with the army of the Turkish pasha Tekelija, who wanted to occupy it in order to rule the city.<a href=\"https:\/\/www.facebook.com\/tvrdjavasvivana\" target=\"_blank\" rel=\"noopener\">https:\/\/www.facebook.com\/tvrdjavasvivana<\/a><\/p>\n<p>The fortress has a star-shaped ground plan, and on the northern side it is reinforced by a high brick embankment in the shape of a pincer (Italian: tanaglia), which is where the name Tanaja, which the people of \u0160ibenik often use, comes from.<\/p>\n<p>During the second half of the 17th century, the fortress was reshaped and strengthened several times.<\/p>\n<h3><em><strong><a href=\"https:\/\/www.tvrdjava-kulture.hr\/hr\/tvrdava-sv-ivana\/povijest-tvrdave\/\" target=\"_blank\" rel=\"noopener\">St. John's Fortress<\/a><\/strong><\/em><\/h3>\n<p><img decoding=\"async\" class=\"aligncenter wp-image-1666 size-large\" src=\"https:\/\/bluebutterfly.etw.hr\/wp-content\/uploads\/2023\/11\/Sibenik-10-1-1024x576.jpg\" alt=\"\" width=\"1024\" height=\"576\" title=\"\" srcset=\"\" sizes=\"(max-width: 1024px) 100vw, 1024px\" data-srcset=\"\" \/><\/p>\n<\/div>\n<p>&nbsp;<\/p>\n<\/div>\n<\/div>\n<div class=\"et_pb_module et_pb_text et_pb_text_9 et_pb_text_align_left et_pb_bg_layout_dark\">\n<div class=\"et_pb_text_inner\">\n<h4><\/h4>\n<h4>Accomodation description:<\/h4>\n<div class=\"et_pb_module et_pb_text et_pb_text_10 list_wrapper et_pb_text_align_left et_pb_bg_layout_dark\">\n<div class=\"et_pb_text_inner\">\n<ul>\n<li>1\/4 rooms<\/li>\n<li>private bathroom<\/li>\n<li>bed sheets<\/li>\n<li>full board<\/li>\n<li>modern new rooms<\/li>\n<li>modern new classrooms<\/li>\n<li>modern new space for socializing<\/li>\n<\/ul>\n<p>&nbsp;<\/p>\n<\/div>\n<\/div>\n<\/div>\n<\/div>\n<p>Full board, which includes buffet breakfast, lunch and dinner, is included.<\/p>\n<div id='gallery-1' class='gallery galleryid-1594 gallery-columns-2 gallery-size-large'><figure class='gallery-item'>\n\t\t\t<div class='gallery-icon landscape'>\n\t\t\t\t<a href=\"https:\/\/bluebutterfly.etw.hr\/en\/?attachment_id=1719\"><img decoding=\"async\" width=\"1024\" height=\"683\" src=\"https:\/\/bluebutterfly.etw.hr\/wp-content\/uploads\/2023\/11\/VAB0829-scaled-1-1024x683.jpg\" class=\"attachment-large size-large\" alt=\"\" srcset=\"\" sizes=\"(max-width: 1024px) 100vw, 1024px\" title=\"\" data-srcset=\"\"><\/a>\n\t\t\t<\/div><\/figure><figure class='gallery-item'>\n\t\t\t<div class='gallery-icon landscape'>\n\t\t\t\t<a href=\"https:\/\/bluebutterfly.etw.hr\/en\/?attachment_id=1720\"><img loading=\"lazy\" decoding=\"async\" width=\"1024\" height=\"683\" src=\"https:\/\/bluebutterfly.etw.hr\/wp-content\/uploads\/2023\/11\/VAB0837-scaled-1-1024x683.jpg\" class=\"attachment-large size-large\" alt=\"\" srcset=\"\" sizes=\"(max-width: 1024px) 100vw, 1024px\" title=\"\" data-srcset=\"\"><\/a>\n\t\t\t<\/div><\/figure>\n\t\t<\/div>\n\n<p>&nbsp;<\/p>\n<h4><strong>ITINERARY:<\/strong><\/h4>\n<ul>\n<li>7.30 \u2013 waking up<\/li>\n<li>7.45 \u2013 workout<\/li>\n<li>8.00 \u2013 8.30 \u2013 breakfast<\/li>\n<li>9.00 -12.30 \u2013 language class<\/li>\n<li>13.00 -13.30 \u2013 lunch<\/li>\n<li>14.00 \u2013 16.00 \u2013 workshops (jewelry making, herbarium, social games, water sports...)<\/li>\n<li>17.00 \u2013 19.00 \u2013 swimming accompanied by animators<\/li>\n<li>19.15 \u2013 20.00 \u2013 dinner<\/li>\n<li>20.00 \u2013 22.30 \u2013 evening program (disco, karaoke, astronomy...)<\/li>\n<\/ul>\n<p>&nbsp;<\/p>\n<p>The morning hours are reserved for exercise and study, and the afternoon hours for sports and social activities and various workshops.<\/p>\n<div id='gallery-2' class='gallery galleryid-1594 gallery-columns-2 gallery-size-full'><figure class='gallery-item'>\n\t\t\t<div class='gallery-icon portrait'>\n\t\t\t\t<a href=\"https:\/\/bluebutterfly.etw.hr\/en\/?attachment_id=1686\"><img loading=\"lazy\" decoding=\"async\" width=\"1200\" height=\"1600\" src=\"https:\/\/bluebutterfly.etw.hr\/wp-content\/uploads\/2022\/11\/image5-1-1.jpeg\" class=\"attachment-full size-full\" alt=\"\" srcset=\"https:\/\/bluebutterfly.etw.hr\/wp-content\/uploads\/2022\/11\/image5-1-1.jpeg 1200w, https:\/\/bluebutterfly.etw.hr\/wp-content\/uploads\/2022\/11\/image5-1-1-225x300.jpeg 225w, https:\/\/bluebutterfly.etw.hr\/wp-content\/uploads\/2022\/11\/image5-1-1-768x1024.jpeg 768w, https:\/\/bluebutterfly.etw.hr\/wp-content\/uploads\/2022\/11\/image5-1-1-1152x1536.jpeg 1152w, https:\/\/bluebutterfly.etw.hr\/wp-content\/uploads\/2022\/11\/image5-1-1-9x12.jpeg 9w, https:\/\/bluebutterfly.etw.hr\/wp-content\/uploads\/2022\/11\/image5-1-1-11x15.jpeg 11w, https:\/\/bluebutterfly.etw.hr\/wp-content\/uploads\/2022\/11\/image5-1-1-600x800.jpeg 600w\" sizes=\"(max-width: 1200px) 100vw, 1200px\" title=\"\"><\/a>\n\t\t\t<\/div><\/figure><figure class='gallery-item'>\n\t\t\t<div class='gallery-icon portrait'>\n\t\t\t\t<a href=\"https:\/\/bluebutterfly.etw.hr\/en\/?attachment_id=1703\"><img loading=\"lazy\" decoding=\"async\" width=\"1200\" height=\"1600\" src=\"https:\/\/bluebutterfly.etw.hr\/wp-content\/uploads\/2021\/05\/image11.jpeg\" class=\"attachment-full size-full\" alt=\"\" srcset=\"https:\/\/bluebutterfly.etw.hr\/wp-content\/uploads\/2021\/05\/image11.jpeg 1200w, https:\/\/bluebutterfly.etw.hr\/wp-content\/uploads\/2021\/05\/image11-225x300.jpeg 225w, https:\/\/bluebutterfly.etw.hr\/wp-content\/uploads\/2021\/05\/image11-768x1024.jpeg 768w, https:\/\/bluebutterfly.etw.hr\/wp-content\/uploads\/2021\/05\/image11-1152x1536.jpeg 1152w, https:\/\/bluebutterfly.etw.hr\/wp-content\/uploads\/2021\/05\/image11-9x12.jpeg 9w, https:\/\/bluebutterfly.etw.hr\/wp-content\/uploads\/2021\/05\/image11-11x15.jpeg 11w, https:\/\/bluebutterfly.etw.hr\/wp-content\/uploads\/2021\/05\/image11-600x800.jpeg 600w\" sizes=\"(max-width: 1200px) 100vw, 1200px\" title=\"\"><\/a>\n\t\t\t<\/div><\/figure>\n\t\t<\/div>\n\n<h4><img decoding=\"async\" src=\"https:\/\/scontent-vie1-1.xx.fbcdn.net\/v\/t39.30808-6\/492538454_1021771723490944_8799105224338350942_n.jpg?_nc_cat=100&amp;ccb=1-7&amp;_nc_sid=127cfc&amp;_nc_ohc=tFI3kDeGFiUQ7kNvwEa8CTO&amp;_nc_oc=AdmoACxKB6UMlLjke_LMQynP5sJZkhVpoL6t_vNgdbBUvh7q-W1DJR9QkdpOAmFkbk0&amp;_nc_zt=23&amp;_nc_ht=scontent-vie1-1.xx&amp;_nc_gid=BElDJtNV4x2sAhQr6sVxmw&amp;oh=00_AfKQVVoW5AZyf8uE-OzYEgC7CnVKsiU589XmOF5b0OwrjA&amp;oe=6844BE1B\" alt=\"Mo\u017ee biti slika sljede\u0107eg: 5 ljudi\" title=\"\"><\/h4>\n<p>&nbsp;<\/p>\n<p><strong>Price includes:<\/strong><\/p>\n<ul>\n<li>18 English language lessons per week (1 lesson = 50 minutes)<\/li>\n<li>professors native speakers<\/li>\n<li>official language of the camp: English<\/li>\n<li>accomodation<\/li>\n<li>full board (breakfast, lunch, dinner)<\/li>\n<li>daily animation in English<\/li>\n<li>evening program in English (film, quiz, dance, party evenings)<\/li>\n<li>full program of social, cultural and sports activities<\/li>\n<li>sports activities (yoga, exercise, swimming...)<\/li>\n<li>games, tournaments, competitions and other activities<\/li>\n<li>art workshops<\/li>\n<li>24h supervision, teaching material<\/li>\n<li>bed linen, laundry service<\/li>\n<li>medical care<\/li>\n<li>certificate of attendance<\/li>\n<\/ul>\n<p>&nbsp;<\/p>\n<h4>Excursions<\/h4>\n<ul>\n<li>Krka National Park - \u20ac75<\/li>\n<\/ul>\n<p>&nbsp;<\/p>\n<p><strong>Price does not include:<\/strong><\/p>\n<ul>\n<li>transfers<\/li>\n<li>travel insurance<\/li>\n<li>transfer from Zagreb<\/li>\n<\/ul>\n<p><img loading=\"lazy\" decoding=\"async\" class=\"alignnone wp-image-843\" src=\"https:\/\/bluebutterfly.etw.hr\/wp-content\/uploads\/2020\/01\/zagreb-289x300.jpg\" alt=\"\" width=\"267\" height=\"277\" title=\"\" srcset=\"\" sizes=\"(max-width: 267px) 100vw, 267px\" data-srcset=\"\" \/><\/p>\n<p><strong>Transfer: <\/strong><\/p>\n<ul>\n<li>individual price per person per way - Zagreb-\u0160ibenik: \u20ac280<\/li>\n<li>group (min. 15 persons) per person per way - Zagreb-\u0160ibenik: \u20ac130<\/li>\n<li>individual price per person per way - Split-\u0160ibenik: \u20ac150<\/li>\n<li>group (min. 15 persons) per person per way - Split-\u0160ibenik: \u20ac65<\/li>\n<\/ul>\n<p>&nbsp;<\/p>\n<h3><strong>WATCH THE VIDEO OF ST. JOHN'S FORTRESS<\/strong><\/h3>\n<p class=\"responsive-video-wrap clr\"><iframe title=\"Otvorenje Tvr\u0111ave sv. Ivana\" width=\"1200\" height=\"675\" src=\"https:\/\/www.youtube.com\/embed\/YxuQ115BP34?feature=oembed&#038;enablejsapi=1&#038;origin=https:\/\/bluebutterfly.etw.hr\" frameborder=\"0\" allow=\"accelerometer; autoplay; clipboard-write; encrypted-media; gyroscope; picture-in-picture; web-share\" referrerpolicy=\"strict-origin-when-cross-origin\" allowfullscreen><\/iframe><\/p>\n<p>&nbsp;<\/p>\n<p><strong><a href=\"https:\/\/www.amorlingua.com\/testovi\/\" target=\"_blank\" rel=\"noopener\">Test your English language knowledge with an online test from Amor Lingua College<\/a><\/strong><\/p>\n<p><strong><a href=\"https:\/\/www.amorlingua.com\/testovi\/\" target=\"_blank\" rel=\"noopener\">Test your knowledge HERE!<\/a><\/strong><\/p>","protected":false},"excerpt":{"rendered":"<p>Ameri\u010dki ljetni kamp u \u0160ibeniku za dob 9-17. Blue Butterfly kamp nalazi se u prekrasnoj povijesnoj Tvr\u0111avi sv. Ivana u srcu Jadrana.<\/p>\n<p>&nbsp;<\/p>","protected":false},"featured_media":1869,"comment_status":"open","ping_status":"closed","template":"","meta":[],"product_brand":[],"product_cat":[24,149],"product_tag":[115,113,47,42,31,39,87,105,124,114],"class_list":{"0":"post-1594","1":"product","2":"type-product","3":"status-publish","4":"has-post-thumbnail","6":"product_cat-language-camp","7":"product_cat-sibenik-camp","8":"product_tag-american-english-camp","9":"product_tag-american-summer-camp","10":"product_tag-blue-butterfly","11":"product_tag-croatia-summer-camp","12":"product_tag-english-camp","13":"product_tag-english-summer-camp","14":"product_tag-juior-summer-camp","15":"product_tag-ljetni-kamp","16":"product_tag-ljetni-kamp-za-djecu","17":"product_tag-united-states-english","18":"tm-no-options","20":"entry","21":"has-media","23":"first","24":"instock","25":"sold-individually","26":"shipping-taxable","27":"purchasable","28":"product-type-variable","29":"has-product-nav","30":"col","31":"span_1_of_3","32":"owp-content-center","33":"owp-thumbs-layout-horizontal","34":"owp-btn-big","35":"owp-tabs-layout-horizontal"},"_links":{"self":[{"href":"https:\/\/bluebutterfly.etw.hr\/en\/wp-json\/wp\/v2\/product\/1594","targetHints":{"allow":["GET"]}}],"collection":[{"href":"https:\/\/bluebutterfly.etw.hr\/en\/wp-json\/wp\/v2\/product"}],"about":[{"href":"https:\/\/bluebutterfly.etw.hr\/en\/wp-json\/wp\/v2\/types\/product"}],"replies":[{"embeddable":true,"href":"https:\/\/bluebutterfly.etw.hr\/en\/wp-json\/wp\/v2\/comments?post=1594"}],"version-history":[{"count":3,"href":"https:\/\/bluebutterfly.etw.hr\/en\/wp-json\/wp\/v2\/product\/1594\/revisions"}],"predecessor-version":[{"id":2147,"href":"https:\/\/bluebutterfly.etw.hr\/en\/wp-json\/wp\/v2\/product\/1594\/revisions\/2147"}],"wp:featuredmedia":[{"embeddable":true,"href":"https:\/\/bluebutterfly.etw.hr\/en\/wp-json\/wp\/v2\/media\/1869"}],"wp:attachment":[{"href":"https:\/\/bluebutterfly.etw.hr\/en\/wp-json\/wp\/v2\/media?parent=1594"}],"wp:term":[{"taxonomy":"product_brand","embeddable":true,"href":"https:\/\/bluebutterfly.etw.hr\/en\/wp-json\/wp\/v2\/product_brand?post=1594"},{"taxonomy":"product_cat","embeddable":true,"href":"https:\/\/bluebutterfly.etw.hr\/en\/wp-json\/wp\/v2\/product_cat?post=1594"},{"taxonomy":"product_tag","embeddable":true,"href":"https:\/\/bluebutterfly.etw.hr\/en\/wp-json\/wp\/v2\/product_tag?post=1594"}],"curies":[{"name":"wp","href":"https:\/\/api.w.org\/{rel}","templated":true}]}}