{"id":1341,"date":"2022-11-16T12:57:41","date_gmt":"2022-11-16T12:57:41","guid":{"rendered":"https:\/\/bluebutterfly.etw.hr\/?post_type=product&#038;p=1341"},"modified":"2026-02-07T19:38:14","modified_gmt":"2026-02-07T19:38:14","slug":"ljetni-kamp-engleski-plitvice-science","status":"publish","type":"product","link":"https:\/\/bluebutterfly.etw.hr\/en\/camp\/ljetni-kamp-engleski-plitvice-science\/","title":{"rendered":"Ameri\u010dki ljetni kamp engleskog jezika u Plitvi\u010dkim jezerima &#8211; Science program 6.7.-13.7.2024."},"content":{"rendered":"<h2>American English summer camp in Plitvice Lakes - Science program<\/h2>\n<p>Blue Butterfly international English language summer camp<strong><br \/>\n<\/strong><\/p>\n<h3>The American English language summer camp is located in Plitvice Lakes. The camp is held in the 4-star Plitvice Holiday Resort. Attendees have the option of choosing accommodation: Indian tents or Jelena pavilion.<\/h3>\n<h1>NEW!<\/h1>\n<h3><a href=\"https:\/\/bluebutterfly.etw.hr\/wp-content\/uploads\/2024\/04\/Plitvice-2024-1.pdf\">PROGRAM PREUZMI OVDJE!<\/a><\/h3>\n<h2>Cijena: 950,00 \u20ac\/tjedno<\/h2>\n<ul class=\"custom-attributes\">\n<li><strong><span class=\"attribute-label\">Termin: 6.7.-13.7.2024.<\/span><\/strong><span class=\"attribute-value\"><br \/>\n<\/span><\/li>\n<li class=\"location savudrija-croatia\"><span class=\"attribute-label\">Location: Plitvice Lakes<\/span><\/li>\n<li class=\"age 9-17\"><span class=\"attribute-label\">Uzrast: 9<\/span><span class=\"attribute-value\">\u00a0-17<\/span><\/li>\n<li class=\"minimum-duration-of-stay 2-weeks\"><span class=\"attribute-label\">The minimum duration of stay:<\/span><span class=\"attribute-value\"> 1 week<\/span><\/li>\n<li class=\"teachers native-speakers translation-block\">Professors: native speakers<\/li>\n<\/ul>\n<p>&nbsp;<\/p>\n<p><img fetchpriority=\"high\" decoding=\"async\" class=\"wp-image-1330 aligncenter\" src=\"https:\/\/bluebutterfly.etw.hr\/wp-content\/uploads\/2022\/11\/tipi_satori2_plitvice-holiday-resort.jpg\" alt=\"\" width=\"862\" height=\"499\" title=\"\"><\/p>\n<p style=\"text-align: center;\">Ameri\u010dki ljetni kamp engleskog jezika u Plitvi\u010dkim jezerima<\/p>\n<p>&nbsp;<\/p>\n<p>&nbsp;<\/p>\n<div class=\"et_pb_module et_pb_text et_pb_text_9 et_pb_text_align_left et_pb_bg_layout_dark\">\n<h3 class=\"et_pb_text_inner\">The Blue Butterfly summer camp is held in the Plitvice Holiday Resort - in Indian Village.<\/h3>\n<div><\/div>\n<div class=\"et_pb_text_inner\">\n<p id=\"tw-target-text\" class=\"tw-data-text tw-text-large tw-ta\" dir=\"ltr\" data-placeholder=\"Prijevod\"><span class=\"Y2IQFc\" lang=\"hr\">There are 2 types of accommodation: Indian tents and double rooms in pavilions. The Indian village is made up of a total of 6 tipi tents modeled after real tents of Indian tribes, ideal for a real adventure vacation! In the immediate vicinity of the Indian village there is a children's playground and a newly built swimming pool. Surrender to nature and spend unforgettable moments in our Indian village. Attendees use a shared bathroom in the immediate vicinity of the tipi tent.<\/span><\/p>\n<p dir=\"ltr\" data-placeholder=\"Prijevod\"><img decoding=\"async\" class=\"aligncenter wp-image-1686 size-large\" src=\"https:\/\/bluebutterfly.etw.hr\/wp-content\/uploads\/2022\/11\/image5-1-1-768x1024.jpeg\" alt=\"\" width=\"768\" height=\"1024\" title=\"\" srcset=\"https:\/\/bluebutterfly.etw.hr\/wp-content\/uploads\/2022\/11\/image5-1-1-768x1024.jpeg 768w, https:\/\/bluebutterfly.etw.hr\/wp-content\/uploads\/2022\/11\/image5-1-1-225x300.jpeg 225w, https:\/\/bluebutterfly.etw.hr\/wp-content\/uploads\/2022\/11\/image5-1-1-1152x1536.jpeg 1152w, https:\/\/bluebutterfly.etw.hr\/wp-content\/uploads\/2022\/11\/image5-1-1-9x12.jpeg 9w, https:\/\/bluebutterfly.etw.hr\/wp-content\/uploads\/2022\/11\/image5-1-1-11x15.jpeg 11w, https:\/\/bluebutterfly.etw.hr\/wp-content\/uploads\/2022\/11\/image5-1-1-600x800.jpeg 600w, https:\/\/bluebutterfly.etw.hr\/wp-content\/uploads\/2022\/11\/image5-1-1.jpeg 1200w\" sizes=\"(max-width: 768px) 100vw, 768px\" \/><\/p>\n<\/div>\n<div class=\"et_pb_text_inner\">\n<div style=\"text-align: center;\">Ameri\u010dki ljetni kamp engleskog jezika u Plitvi\u010dkim jezerima<\/div>\n<div><\/div>\n<div><\/div>\n<div>Description of the Indian tent:<\/div>\n<div class=\"et_pb_module et_pb_text et_pb_text_10 list_wrapper et_pb_text_align_left et_pb_bg_layout_dark\">\n<div class=\"et_pb_text_inner\">\n<ul>\n<li>Capacity: 4 people<\/li>\n<li>Four unique chests for clothes<\/li>\n<li>Table with 4 chairs<\/li>\n<li>Electricity<\/li>\n<li>Free Wi-Fi<\/li>\n<\/ul>\n<\/div>\n<\/div>\n<p class=\"tw-data-text tw-text-large tw-ta\" dir=\"ltr\" data-placeholder=\"Prijevod\"><span class=\"Y2IQFc\" lang=\"hr\">'Jelena' rooms description: <\/span><\/p>\n<ul>\n<li class=\"tw-data-text tw-text-large tw-ta\" dir=\"ltr\" data-placeholder=\"Prijevod\"><span class=\"Y2IQFc\" lang=\"hr\">Double bed or two joined beds\u00a0<\/span><\/li>\n<li class=\"tw-data-text tw-text-large tw-ta\" dir=\"ltr\" data-placeholder=\"Prijevod\"><span class=\"Y2IQFc\" lang=\"hr\">SAT TV <\/span><\/li>\n<li class=\"tw-data-text tw-text-large tw-ta\" dir=\"ltr\" data-placeholder=\"Prijevod\"><span class=\"Y2IQFc\" lang=\"hr\">Central heating <\/span><\/li>\n<li class=\"tw-data-text tw-text-large tw-ta\" dir=\"ltr\" data-placeholder=\"Prijevod\"><span class=\"Y2IQFc\" lang=\"hr\">Air conditioning <\/span><\/li>\n<li class=\"tw-data-text tw-text-large tw-ta\" dir=\"ltr\" data-placeholder=\"Prijevod\"><span class=\"Y2IQFc\" lang=\"hr\">Minibar <\/span><\/li>\n<li class=\"tw-data-text tw-text-large tw-ta\" dir=\"ltr\" data-placeholder=\"Prijevod\"><span class=\"Y2IQFc\" lang=\"hr\">Safe, hair dryer <\/span><\/li>\n<li class=\"tw-data-text tw-text-large tw-ta\" dir=\"ltr\" data-placeholder=\"Prijevod\"><span class=\"Y2IQFc\" lang=\"hr\">Shower cabin in the bathroom<\/span><\/li>\n<\/ul>\n<\/div>\n<\/div>\n<div><\/div>\n<p>Full board, which includes buffet breakfast, lunch and dinner, is included.<\/p>\n<p>&nbsp;<\/p>\n<p><img decoding=\"async\" class=\"wp-image-1326 alignleft\" src=\"https:\/\/bluebutterfly.etw.hr\/wp-content\/uploads\/2022\/11\/UCR5064-2-\u2013-kopija-640x408-1.jpg\" alt=\"\" width=\"423\" height=\"270\" title=\"\"> <img loading=\"lazy\" decoding=\"async\" class=\"wp-image-1333 alignleft\" src=\"https:\/\/bluebutterfly.etw.hr\/wp-content\/uploads\/2022\/11\/Plitvice-Tipi-sator-2.jpg\" alt=\"\" width=\"405\" height=\"270\" title=\"\"><\/p>\n<p>&nbsp;<\/p>\n<p>&nbsp;<\/p>\n<p>&nbsp;<\/p>\n<p>&nbsp;<\/p>\n<p>&nbsp;<\/p>\n<p>&nbsp;<\/p>\n<p>&nbsp;<\/p>\n<p>Ameri\u010dki ljetni kamp engleskog jezika u Plitvi\u010dkim jezerima<\/p>\n<p>&nbsp;<\/p>\n<p>&nbsp;<\/p>\n<h3>SCIENCE PROGRAM:<\/h3>\n<p>The STEM program is an acronym woven from the initial letters of four fields - science, technology, engineering and mathematics.<\/p>\n<p>The United States is a leader in these areas of education. Our English teachers from the United States will pass on to you the knowledge gained through their own experience and education within the American education system.<\/p>\n<p>&nbsp;<\/p>\n<p><strong>Schedule:<\/strong><\/p>\n<ul>\n<li>7.30 \u2013 waking up<\/li>\n<li>7.45 \u2013 workout<\/li>\n<li>8.00 \u2013 8.30 \u2013 breakfast<\/li>\n<li>9.00 -12.30 \u2013 language class<\/li>\n<li>13.00 -13.30 \u2013 lunch<\/li>\n<li>14.00 \u2013 16.00 \u2013 workshops (jewelry making, herbarium, social games, water sports...)<\/li>\n<li>17.00 \u2013 19.00 \u2013 swimming accompanied by animators<\/li>\n<li>19.15 \u2013 20.00 \u2013 dinner<\/li>\n<li>20.00 \u2013 22.30 \u2013 evening program (disco, karaoke, astronomy...)<\/li>\n<\/ul>\n<p>The morning hours are reserved for exercise and study, and the afternoon hours for sports and social activities and various workshops.<\/p>\n<h4>Excursions<\/h4>\n<ul>\n<li>Adrenalinski park &#8211; roping poligon &#8211; 60 \u20ac<\/li>\n<li>Paintball &#8211; 70 \u20ac<\/li>\n<li>Bara\u0107eve \u0161pilje &#8211;\u00a0 45 \u20ac<\/li>\n<li>NP Plitvi\u010dka jezera &#8211; 55 \u20ac<\/li>\n<\/ul>\n<p><img loading=\"lazy\" decoding=\"async\" class=\"aligncenter wp-image-1680 size-large\" src=\"https:\/\/bluebutterfly.etw.hr\/wp-content\/uploads\/2022\/11\/image14-1-1024x768.jpeg\" alt=\"\" width=\"1024\" height=\"768\" title=\"\" srcset=\"https:\/\/bluebutterfly.etw.hr\/wp-content\/uploads\/2022\/11\/image14-1-1024x768.jpeg 1024w, https:\/\/bluebutterfly.etw.hr\/wp-content\/uploads\/2022\/11\/image14-1-300x225.jpeg 300w, https:\/\/bluebutterfly.etw.hr\/wp-content\/uploads\/2022\/11\/image14-1-768x576.jpeg 768w, https:\/\/bluebutterfly.etw.hr\/wp-content\/uploads\/2022\/11\/image14-1-1536x1152.jpeg 1536w, https:\/\/bluebutterfly.etw.hr\/wp-content\/uploads\/2022\/11\/image14-1-16x12.jpeg 16w, https:\/\/bluebutterfly.etw.hr\/wp-content\/uploads\/2022\/11\/image14-1-15x11.jpeg 15w, https:\/\/bluebutterfly.etw.hr\/wp-content\/uploads\/2022\/11\/image14-1-600x450.jpeg 600w, https:\/\/bluebutterfly.etw.hr\/wp-content\/uploads\/2022\/11\/image14-1.jpeg 1600w\" sizes=\"(max-width: 1024px) 100vw, 1024px\" \/><\/p>\n<p style=\"text-align: center;\">Ameri\u010dki ljetni kamp engleskog jezika u Plitvi\u010dkim jezerima<\/p>\n<p>&nbsp;<\/p>\n<p>&nbsp;<\/p>\n<p><strong>Price includes:<\/strong><\/p>\n<ul>\n<li>22 English lessons per week (1 lesson = 50 minutes)<\/li>\n<li>4 hours of STEM (Biology, Physics and Botany)<\/li>\n<li>trip to Rastoke<\/li>\n<li>the professors are native speakers<\/li>\n<li>official language of the camp: English<\/li>\n<li>accommodation in 1\/4 Indian tents<\/li>\n<li>full board (breakfast, lunch, dinner)<\/li>\n<li>daily animation in English<\/li>\n<li>evening program in English (film, quiz, dance, party evenings)<\/li>\n<li>full program of social, cultural and sports activities<\/li>\n<li>sports activities (yoga, exercise, swimming...)<\/li>\n<li>games, tournaments, competitions and other activities<\/li>\n<li>art workshops<\/li>\n<li>24h supervision, teaching material<\/li>\n<li>bed linen, laundry service<\/li>\n<li>medical care<\/li>\n<li>certificate of attendance<\/li>\n<\/ul>\n<p>&nbsp;<\/p>\n<p><img loading=\"lazy\" decoding=\"async\" class=\"alignnone wp-image-1321 alignleft\" src=\"https:\/\/bluebutterfly.etw.hr\/wp-content\/uploads\/2022\/11\/PLITVICE-HOLIDAY-RESORT-1080x675-1.jpg\" alt=\"\" width=\"384\" height=\"240\" title=\"\"> <img loading=\"lazy\" decoding=\"async\" class=\"alignnone wp-image-1331 alignleft\" src=\"https:\/\/bluebutterfly.etw.hr\/wp-content\/uploads\/2022\/11\/plitvice_holiday_resort_novo-18-Large.webp\" alt=\"\" width=\"429\" height=\"241\" title=\"\"><\/p>\n<p>&nbsp;<\/p>\n<p>&nbsp;<\/p>\n<p>&nbsp;<\/p>\n<p>&nbsp;<\/p>\n<p>&nbsp;<\/p>\n<p>&nbsp;<\/p>\n<p>Ameri\u010dki ljetni kamp engleskog jezika u Plitvi\u010dkim jezerima<\/p>\n<p>&nbsp;<\/p>\n<p><strong>Price does not include:<\/strong><\/p>\n<ul>\n<li>excursions<\/li>\n<li>nadoplata za smje\u0161taj u paviljonu &#8220;Jelena&#8221; u iznosu od 200,00 \u20ac\/tjedan<\/li>\n<li>transfers<\/li>\n<li>travel insurance<\/li>\n<li>transfer from Zagreb<\/li>\n<\/ul>\n<p><img loading=\"lazy\" decoding=\"async\" class=\"alignnone wp-image-1338\" src=\"https:\/\/bluebutterfly.etw.hr\/wp-content\/uploads\/2022\/11\/croatia-g7d5c0a311_1920.jpg\" alt=\"\" width=\"682\" height=\"455\" title=\"\"><\/p>\n<p>&nbsp;<\/p>\n<p><strong>Excursion to Zagreb: \u20ac70\/ per person<\/strong><\/p>\n<p><img loading=\"lazy\" decoding=\"async\" class=\"alignnone size-medium wp-image-843\" src=\"https:\/\/bluebutterfly.etw.hr\/wp-content\/uploads\/2020\/01\/zagreb-289x300.jpg\" alt=\"\" width=\"289\" height=\"300\" title=\"\" srcset=\"\" sizes=\"(max-width: 289px) 100vw, 289px\" data-srcset=\"\" \/><\/p>\n<p><strong>Transfer: <\/strong><\/p>\n<ul>\n<li>individualna cijena po osobi i po smjeru iz Zagreba: 150 \u20ac<\/li>\n<li>price per person and per direction from Zagreb for a group of at least 15 participants: \u20ac45<\/li>\n<\/ul>\n<p>&nbsp;<\/p>\n<h3>POGLEDAJTE VIDEO O SMJE\u0160TAJU &#8211; PLITVICE HOLIDAY RESORT!<\/h3>\n<p class=\"responsive-video-wrap clr\"><iframe title=\"Plitvice Holiday Resort\" width=\"1200\" height=\"900\" src=\"https:\/\/www.youtube.com\/embed\/xPqIoY8tp2Y?feature=oembed&#038;enablejsapi=1&#038;origin=https:\/\/bluebutterfly.etw.hr\" frameborder=\"0\" allow=\"accelerometer; autoplay; clipboard-write; encrypted-media; gyroscope; picture-in-picture; web-share\" referrerpolicy=\"strict-origin-when-cross-origin\" allowfullscreen><\/iframe><\/p>\n<p>&nbsp;<\/p>\n<p><strong><a href=\"https:\/\/www.amorlingua.com\/testovi\/\" target=\"_blank\" rel=\"noopener\">You do not know your English level? Test your knowledge free of charge with online test from Amor Lingua College and find out how good are you in English!<\/a><\/strong><\/p>\n<p><a href=\"https:\/\/www.amorlingua.com\/testovi\/\" target=\"_blank\" rel=\"noopener\"><strong>Test your knowledge HERE!<\/strong><\/a><\/p>","protected":false},"excerpt":{"rendered":"<p>NOVO! Ameri\u010dki jezi\u010dni kamp u Plitvi\u010dkim jezerima!<\/p>\n<p>&nbsp;<\/p>","protected":false},"featured_media":1124,"comment_status":"open","ping_status":"closed","template":"","meta":[],"product_brand":[],"product_cat":[24,148],"product_tag":[115,113,155,47,42,31,39,87,105,124,153,154,40,114,156],"class_list":{"0":"post-1341","1":"product","2":"type-product","3":"status-publish","4":"has-post-thumbnail","6":"product_cat-language-camp","7":"product_cat-plitvicka-jezera","8":"product_tag-american-english-camp","9":"product_tag-american-summer-camp","10":"product_tag-americki-ljetni-kamp-plitvicka-jezera","11":"product_tag-blue-butterfly","12":"product_tag-croatia-summer-camp","13":"product_tag-english-camp","14":"product_tag-english-summer-camp","15":"product_tag-juior-summer-camp","16":"product_tag-ljetni-kamp","17":"product_tag-ljetni-kamp-za-djecu","18":"product_tag-plitvice","19":"product_tag-plitvicka-jezera","20":"product_tag-science","21":"product_tag-united-states-english","22":"product_tag-znanost","23":"tm-no-options","25":"entry","26":"has-media","28":"first","29":"instock","30":"sold-individually","31":"shipping-taxable","32":"purchasable","33":"product-type-simple","34":"has-product-nav","35":"col","36":"span_1_of_3","37":"owp-content-center","38":"owp-thumbs-layout-horizontal","39":"owp-btn-big","40":"owp-tabs-layout-horizontal"},"_links":{"self":[{"href":"https:\/\/bluebutterfly.etw.hr\/en\/wp-json\/wp\/v2\/product\/1341","targetHints":{"allow":["GET"]}}],"collection":[{"href":"https:\/\/bluebutterfly.etw.hr\/en\/wp-json\/wp\/v2\/product"}],"about":[{"href":"https:\/\/bluebutterfly.etw.hr\/en\/wp-json\/wp\/v2\/types\/product"}],"replies":[{"embeddable":true,"href":"https:\/\/bluebutterfly.etw.hr\/en\/wp-json\/wp\/v2\/comments?post=1341"}],"version-history":[{"count":2,"href":"https:\/\/bluebutterfly.etw.hr\/en\/wp-json\/wp\/v2\/product\/1341\/revisions"}],"predecessor-version":[{"id":1950,"href":"https:\/\/bluebutterfly.etw.hr\/en\/wp-json\/wp\/v2\/product\/1341\/revisions\/1950"}],"wp:featuredmedia":[{"embeddable":true,"href":"https:\/\/bluebutterfly.etw.hr\/en\/wp-json\/wp\/v2\/media\/1124"}],"wp:attachment":[{"href":"https:\/\/bluebutterfly.etw.hr\/en\/wp-json\/wp\/v2\/media?parent=1341"}],"wp:term":[{"taxonomy":"product_brand","embeddable":true,"href":"https:\/\/bluebutterfly.etw.hr\/en\/wp-json\/wp\/v2\/product_brand?post=1341"},{"taxonomy":"product_cat","embeddable":true,"href":"https:\/\/bluebutterfly.etw.hr\/en\/wp-json\/wp\/v2\/product_cat?post=1341"},{"taxonomy":"product_tag","embeddable":true,"href":"https:\/\/bluebutterfly.etw.hr\/en\/wp-json\/wp\/v2\/product_tag?post=1341"}],"curies":[{"name":"wp","href":"https:\/\/api.w.org\/{rel}","templated":true}]}}