{"id":1162,"date":"2021-05-18T10:45:14","date_gmt":"2021-05-18T10:45:14","guid":{"rendered":"https:\/\/bluebutterfly.etw.hr\/?post_type=product&#038;p=1162"},"modified":"2025-03-04T11:30:17","modified_gmt":"2025-03-04T11:30:17","slug":"jetni-kamp-engleskog-plitvice-ib","status":"publish","type":"product","link":"https:\/\/bluebutterfly.etw.hr\/en\/camp\/jetni-kamp-engleskog-plitvice-ib\/","title":{"rendered":"Ameri\u010dki ljetni kamp engleskog jezika u Plitvi\u010dkim jezerima &#8211; IB program 6.7.-20.7.2024."},"content":{"rendered":"<h2>Ameri\u010dki ljetni kamp engleskog jezika u Plitvi\u010dkim jezerima &#8211; IB program<\/h2>\n<p><strong>Blue Butterfly International English language summer camp<br \/>\n<\/strong><\/p>\n<p><strong>Date:<\/strong> 6.7. &#8211; 2.7.2024.<\/p>\n<p><strong>Lessons:<\/strong> 30 lessons per week<\/p>\n<h1>NEW!<\/h1>\n<h3><a href=\"https:\/\/bluebutterfly.etw.hr\/wp-content\/uploads\/2024\/04\/Plitvice-2024-1.pdf\">PROGRAM PREUZMI OVDJE!<\/a><\/h3>\n<h2>Cijena: 1.100,00 \u20ac\/tjedno<\/h2>\n<ul class=\"custom-attributes\">\n<li><strong><span class=\"attribute-label\">Date: 6.7.-20.7.2024.<\/span><\/strong><span class=\"attribute-value\"><br \/>\n<\/span><\/li>\n<li class=\"location savudrija-croatia\"><span class=\"attribute-label\">Location: Plitvice Lakes<\/span><\/li>\n<li class=\"age 9-17\"><span class=\"attribute-label\">Uzrast: 9<\/span><span class=\"attribute-value\">\u00a0-17<\/span><\/li>\n<li class=\"minimum-duration-of-stay 2-weeks\"><span class=\"attribute-label\">The minimum duration of stay:<\/span><span class=\"attribute-value\"> 1 week<\/span><\/li>\n<li class=\"teachers native-speakers translation-block\">Professors: native speakers<\/li>\n<\/ul>\n<p><img fetchpriority=\"high\" decoding=\"async\" class=\"wp-image-1330 aligncenter\" src=\"https:\/\/bluebutterfly.etw.hr\/wp-content\/uploads\/2022\/11\/tipi_satori2_plitvice-holiday-resort.jpg\" alt=\"\" width=\"862\" height=\"499\" title=\"\"><\/p>\n<div class=\"et_pb_module et_pb_text et_pb_text_9 et_pb_text_align_left et_pb_bg_layout_dark\">\n<h3 class=\"et_pb_text_inner\">The Blue Butterfly summer camp is held in the Plitvice Holiday Resort - in Indian Village.<\/h3>\n<div><\/div>\n<div class=\"et_pb_text_inner\">\n<p id=\"tw-target-text\" class=\"tw-data-text tw-text-large tw-ta\" dir=\"ltr\" data-placeholder=\"Prijevod\"><span class=\"Y2IQFc\" lang=\"hr\">There are 2 types of accommodation: Indian tents and double rooms in pavilions. The Indian village is made up of a total of 6 tipi tents modeled after real tents of Indian tribes, ideal for a real adventure vacation! In the immediate vicinity of the Indian village there is a children's playground and a newly built swimming pool. Surrender to nature and spend unforgettable moments in our Indian village. Attendees use a shared bathroom in the immediate vicinity of the tipi tent.<\/span><\/p>\n<div>Description of the Indian tent:<\/div>\n<div class=\"et_pb_module et_pb_text et_pb_text_10 list_wrapper et_pb_text_align_left et_pb_bg_layout_dark\">\n<div class=\"et_pb_text_inner\">\n<ul>\n<li>Capacity: 4 people<\/li>\n<li>Four unique chests for clothes<\/li>\n<li>Table with 4 chairs<\/li>\n<li>Electricity<\/li>\n<li>Free Wi-Fi<\/li>\n<\/ul>\n<\/div>\n<\/div>\n<p id=\"tw-target-text\" class=\"tw-data-text tw-text-large tw-ta\" dir=\"ltr\" data-placeholder=\"Prijevod\"><span class=\"Y2IQFc\" lang=\"hr\">\"Jelena\" pavilion has <\/span><span class=\"Y2IQFc\" lang=\"hr\">16 double rooms with fully equipped bathrooms and heating for colder days. All rooms are equipped with SAT TV to make your stay as pleasant as possible.<\/span><\/p>\n<p class=\"tw-data-text tw-text-large tw-ta\" dir=\"ltr\" data-placeholder=\"Prijevod\"><span class=\"Y2IQFc\" lang=\"hr\">'Jelena' rooms description: <\/span><\/p>\n<ul>\n<li class=\"tw-data-text tw-text-large tw-ta\" dir=\"ltr\" data-placeholder=\"Prijevod\"><span class=\"Y2IQFc\" lang=\"hr\">Double bed or two joined beds\u00a0<\/span><\/li>\n<li class=\"tw-data-text tw-text-large tw-ta\" dir=\"ltr\" data-placeholder=\"Prijevod\"><span class=\"Y2IQFc\" lang=\"hr\">SAT TV <\/span><\/li>\n<li class=\"tw-data-text tw-text-large tw-ta\" dir=\"ltr\" data-placeholder=\"Prijevod\"><span class=\"Y2IQFc\" lang=\"hr\">Central heating <\/span><\/li>\n<li class=\"tw-data-text tw-text-large tw-ta\" dir=\"ltr\" data-placeholder=\"Prijevod\"><span class=\"Y2IQFc\" lang=\"hr\">Air conditioning <\/span><\/li>\n<li class=\"tw-data-text tw-text-large tw-ta\" dir=\"ltr\" data-placeholder=\"Prijevod\"><span class=\"Y2IQFc\" lang=\"hr\">Minibar <\/span><\/li>\n<li class=\"tw-data-text tw-text-large tw-ta\" dir=\"ltr\" data-placeholder=\"Prijevod\"><span class=\"Y2IQFc\" lang=\"hr\">Safe, hair dryer <\/span><\/li>\n<li class=\"tw-data-text tw-text-large tw-ta\" dir=\"ltr\" data-placeholder=\"Prijevod\"><span class=\"Y2IQFc\" lang=\"hr\">Shower cabin in the bathroom<\/span><\/li>\n<\/ul>\n<\/div>\n<\/div>\n<div><\/div>\n<p>Full board, which includes buffet breakfast, lunch and dinner, is included.<\/p>\n<p>&nbsp;<\/p>\n<p><img decoding=\"async\" class=\"wp-image-1326 alignleft\" src=\"https:\/\/bluebutterfly.etw.hr\/wp-content\/uploads\/2022\/11\/UCR5064-2-\u2013-kopija-640x408-1.jpg\" alt=\"\" width=\"423\" height=\"270\" title=\"\"> <img decoding=\"async\" class=\"wp-image-1333 alignleft\" src=\"https:\/\/bluebutterfly.etw.hr\/wp-content\/uploads\/2022\/11\/Plitvice-Tipi-sator-2.jpg\" alt=\"\" width=\"405\" height=\"270\" title=\"\"><\/p>\n<p>&nbsp;<\/p>\n<p>&nbsp;<\/p>\n<p>&nbsp;<\/p>\n<p>&nbsp;<\/p>\n<p>&nbsp;<\/p>\n<p>&nbsp;<\/p>\n<p>&nbsp;<\/p>\n<p><strong>Schedule:<\/strong><\/p>\n<ul>\n<li>7.30 \u2013 waking up<\/li>\n<li>7.45 \u2013 workout<\/li>\n<li>8.00 \u2013 8.30 \u2013 breakfast<\/li>\n<li>9.00 -12.30 \u2013 language class<\/li>\n<li>13.00 -13.30 \u2013 lunch<\/li>\n<li>14.00 \u2013 16.00 \u2013 workshops (jewelry making, herbarium, social games, water sports...)<\/li>\n<li>17.00 \u2013 19.00 \u2013 swimming accompanied by animators<\/li>\n<li>19.15 \u2013 20.00 \u2013 dinner<\/li>\n<li>20.00 \u2013 22.30 \u2013 evening program (disco, karaoke, astronomy...)<\/li>\n<\/ul>\n<p>&nbsp;<\/p>\n<p>The morning hours are reserved for exercise and study, and the afternoon hours for sports and social activities and various workshops.<\/p>\n<p>&nbsp;<\/p>\n<p><img loading=\"lazy\" decoding=\"async\" class=\"aligncenter wp-image-1710 size-large\" src=\"https:\/\/bluebutterfly.etw.hr\/wp-content\/uploads\/2021\/05\/image1-6-1024x768.jpeg\" alt=\"\" width=\"1024\" height=\"768\" title=\"\" srcset=\"https:\/\/bluebutterfly.etw.hr\/wp-content\/uploads\/2021\/05\/image1-6-1024x768.jpeg 1024w, https:\/\/bluebutterfly.etw.hr\/wp-content\/uploads\/2021\/05\/image1-6-300x225.jpeg 300w, https:\/\/bluebutterfly.etw.hr\/wp-content\/uploads\/2021\/05\/image1-6-768x576.jpeg 768w, https:\/\/bluebutterfly.etw.hr\/wp-content\/uploads\/2021\/05\/image1-6-1536x1152.jpeg 1536w, https:\/\/bluebutterfly.etw.hr\/wp-content\/uploads\/2021\/05\/image1-6-16x12.jpeg 16w, https:\/\/bluebutterfly.etw.hr\/wp-content\/uploads\/2021\/05\/image1-6-15x11.jpeg 15w, https:\/\/bluebutterfly.etw.hr\/wp-content\/uploads\/2021\/05\/image1-6-600x450.jpeg 600w, https:\/\/bluebutterfly.etw.hr\/wp-content\/uploads\/2021\/05\/image1-6.jpeg 1600w\" sizes=\"(max-width: 1024px) 100vw, 1024px\" \/><\/p>\n<p>&nbsp;<\/p>\n<h3>Excursions<\/h3>\n<ul>\n<li>Adrenaline park Ogi: Olympic games \u2013 40 \u20ac<\/li>\n<li>Paintball - 60\u20ac<\/li>\n<li>Bara\u0107eve caves \u2013  31 \u20ac<\/li>\n<li>Np Plitvice Lakes- 35 \u20ac<\/li>\n<li>Kayaking 70 \u20ac<\/li>\n<li>Horse centar Fairyland- 60 \u20ac<\/li>\n<li>Deer Valley-  40 \u20ac<\/li>\n<\/ul>\n<p>&nbsp;<\/p>\n<h3><strong>Price includes:<\/strong><\/h3>\n<ul>\n<li>30 English language lessons per week \u2013 IB program (1 lesson = 50 minutes)<\/li>\n<li>the professors are native speakers<\/li>\n<li>trip to Rastoke<\/li>\n<li>official language of the camp: English<\/li>\n<li>accommodation in 1\/4 Indian tents<\/li>\n<li>full board (breakfast, lunch, dinner)<\/li>\n<li>daily animation in English<\/li>\n<li>evening program in English (film, quiz, dance, party evenings)<\/li>\n<li>full program of social, cultural and sports activities<\/li>\n<li>sports activities (yoga, exercise, swimming...)<\/li>\n<li>games, tournaments, competitions and other activities<\/li>\n<li>art workshops<\/li>\n<li>24h supervision, teaching material<\/li>\n<li>bed linen, laundry service<\/li>\n<li>medical care<\/li>\n<li>certificate of attendance<\/li>\n<\/ul>\n<p>&nbsp;<\/p>\n<p><img loading=\"lazy\" decoding=\"async\" class=\"alignnone wp-image-1321 alignleft\" src=\"https:\/\/bluebutterfly.etw.hr\/wp-content\/uploads\/2022\/11\/PLITVICE-HOLIDAY-RESORT-1080x675-1.jpg\" alt=\"\" width=\"384\" height=\"240\" title=\"\"> <img loading=\"lazy\" decoding=\"async\" class=\"alignnone wp-image-1331 alignleft\" src=\"https:\/\/bluebutterfly.etw.hr\/wp-content\/uploads\/2022\/11\/plitvice_holiday_resort_novo-18-Large.webp\" alt=\"\" width=\"429\" height=\"241\" title=\"\"><\/p>\n<p>&nbsp;<\/p>\n<p>&nbsp;<\/p>\n<p>&nbsp;<\/p>\n<p>&nbsp;<\/p>\n<p>&nbsp;<\/p>\n<p>&nbsp;<\/p>\n<p>&nbsp;<\/p>\n<h3><strong>Price does not include:<\/strong><\/h3>\n<ul>\n<li>excursions<\/li>\n<li>nadoplata za smje\u0161taj u paviljonu \u201cJelena\u201d u iznosu od 200,00 \u20ac\/tjedan<\/li>\n<li>transfers<\/li>\n<li>travel insurance<\/li>\n<li>transfer from Zagreb<\/li>\n<\/ul>\n<p><img loading=\"lazy\" decoding=\"async\" class=\"alignnone wp-image-1338\" src=\"https:\/\/bluebutterfly.etw.hr\/wp-content\/uploads\/2022\/11\/croatia-g7d5c0a311_1920.jpg\" alt=\"\" width=\"682\" height=\"455\" title=\"\"><\/p>\n<p>&nbsp;<\/p>\n<p>The aim of this document is to communicate clearly what lies at the heart of an International Baccalaureate (IB) education. For educators, supporters, students and their families, it explains the ideals that underpin all IB programmes.\u00a0By describing the IB\u2019s educational philosophy, What is an IB Education? also offers support for schools on their IB journey through programme authorization and ongoing implementation.<\/p>\n<p>In 1968, the IB Diploma Programme (DP) was established to provide a challenging and comprehensive education that would enable students to understand and manage the complexities of our world and provide them with skills and attitudes for taking responsible action for the future. Such an education was rooted in the belief that people who are equipped to make a more just and peaceful world need an education that crosses disciplinary, cultural, national and geographical boundaries.<\/p>\n<p>&nbsp;<\/p>\n<p><strong>\u201eThe International Baccalaureate aims to develop inquiring, knowledgeable and caring young people who help to create a better and more peaceful world through intercultural understanding and respect.<\/strong><\/p>\n<p><strong>To this end the organization works with schools, governments and international organizations to develop challenging programmes of international education and rigorous assessment.<\/strong><\/p>\n<p><strong>These programmes encourage students across the world to become active, compassionate and lifelong learners who understand that other people, with their differences, can also be right.<\/strong><\/p>\n<p>&nbsp;<\/p>\n<p>&nbsp;<\/p>\n<p><strong>Excursion to Zagreb: \u20ac70\/ per person<\/strong><\/p>\n<p><img loading=\"lazy\" decoding=\"async\" class=\"alignnone size-medium wp-image-843\" src=\"https:\/\/bluebutterfly.etw.hr\/wp-content\/uploads\/2020\/01\/zagreb-289x300.jpg\" alt=\"\" width=\"289\" height=\"300\" title=\"\" srcset=\"\" sizes=\"(max-width: 289px) 100vw, 289px\" data-srcset=\"\" \/><\/p>\n<p><strong>Transfer: <\/strong><\/p>\n<ul>\n<li>Individual price per person and per way from Zagreb: 130 \u20ac<\/li>\n<li>price per person and per direction from Zagreb for a group of at least 15 participants: \u20ac45<\/li>\n<\/ul>\n<p>&nbsp;<\/p>\n<h3>POGLEDAJTE VIDEO O SMJE\u0160TAJU &#8211; PLITVICE HOLIDAY RESORT!<\/h3>\n<p class=\"responsive-video-wrap clr\"><iframe title=\"Plitvice Holiday Resort\" width=\"1200\" height=\"900\" src=\"https:\/\/www.youtube.com\/embed\/xPqIoY8tp2Y?feature=oembed&#038;enablejsapi=1&#038;origin=https:\/\/bluebutterfly.etw.hr\" frameborder=\"0\" allow=\"accelerometer; autoplay; clipboard-write; encrypted-media; gyroscope; picture-in-picture; web-share\" referrerpolicy=\"strict-origin-when-cross-origin\" allowfullscreen><\/iframe><\/p>\n<p>&nbsp;<\/p>\n<p><strong><a href=\"https:\/\/www.amorlingua.com\/testovi\/\" target=\"_blank\" rel=\"noopener\">You do not know your English level? Test your knowledge free of charge with online test from Amor Lingua College and find out how good are you in English!<\/a><\/strong><\/p>\n<p><a href=\"https:\/\/www.amorlingua.com\/testovi\/\" target=\"_blank\" rel=\"noopener\"><strong>Test your knowledge HERE!<\/strong><\/a><\/p>","protected":false},"excerpt":{"rendered":"<p>Ameri\u010dki ljetni kamp engleskog jezika u Plitvi\u010dkim jezerima &#8211; IB program Blue Butterfly me\u0111unarodni kamp engleskog jezika Termin programa: 6.7. &#8211; 2.7.2024. Lekcije: 30 lekcija tjedno NOVO! PROGRAM PREUZMI OVDJE! Cijena: 1.100,00 \u20ac\/tjedno Termin: 6.7.-20.7.2024. Lokacija: Plitvi\u010dka jezera Uzrast: 9\u00a0\u2013 17 Minimalni boravak: 1 tjedan Profesori: izvorni govornici iz Sjedinjenih Ameri\u010dkih Dr\u017eava Ljetni kamp Blue [&hellip;]<\/p>\n","protected":false},"featured_media":1569,"comment_status":"open","ping_status":"closed","template":"","meta":[],"product_brand":[],"product_cat":[148],"product_tag":[159,157,158,39,110,160,153],"class_list":{"0":"post-1162","1":"product","2":"type-product","3":"status-publish","4":"has-post-thumbnail","6":"product_cat-plitvicka-jezera","7":"product_tag-americki-kamp","8":"product_tag-americki-ljetni-kamp-engleskog-jezika-u-plitvickim-jezerima","9":"product_tag-engleski","10":"product_tag-english-summer-camp","11":"product_tag-ib-program","12":"product_tag-kamp-engleskog-jezika","13":"product_tag-plitvice","14":"tm-no-options","16":"entry","17":"has-media","19":"first","20":"instock","21":"shipping-taxable","22":"purchasable","23":"product-type-simple","24":"has-product-nav","25":"col","26":"span_1_of_3","27":"owp-content-center","28":"owp-thumbs-layout-horizontal","29":"owp-btn-big","30":"owp-tabs-layout-horizontal"},"_links":{"self":[{"href":"https:\/\/bluebutterfly.etw.hr\/en\/wp-json\/wp\/v2\/product\/1162","targetHints":{"allow":["GET"]}}],"collection":[{"href":"https:\/\/bluebutterfly.etw.hr\/en\/wp-json\/wp\/v2\/product"}],"about":[{"href":"https:\/\/bluebutterfly.etw.hr\/en\/wp-json\/wp\/v2\/types\/product"}],"replies":[{"embeddable":true,"href":"https:\/\/bluebutterfly.etw.hr\/en\/wp-json\/wp\/v2\/comments?post=1162"}],"version-history":[{"count":1,"href":"https:\/\/bluebutterfly.etw.hr\/en\/wp-json\/wp\/v2\/product\/1162\/revisions"}],"predecessor-version":[{"id":1181,"href":"https:\/\/bluebutterfly.etw.hr\/en\/wp-json\/wp\/v2\/product\/1162\/revisions\/1181"}],"wp:featuredmedia":[{"embeddable":true,"href":"https:\/\/bluebutterfly.etw.hr\/en\/wp-json\/wp\/v2\/media\/1569"}],"wp:attachment":[{"href":"https:\/\/bluebutterfly.etw.hr\/en\/wp-json\/wp\/v2\/media?parent=1162"}],"wp:term":[{"taxonomy":"product_brand","embeddable":true,"href":"https:\/\/bluebutterfly.etw.hr\/en\/wp-json\/wp\/v2\/product_brand?post=1162"},{"taxonomy":"product_cat","embeddable":true,"href":"https:\/\/bluebutterfly.etw.hr\/en\/wp-json\/wp\/v2\/product_cat?post=1162"},{"taxonomy":"product_tag","embeddable":true,"href":"https:\/\/bluebutterfly.etw.hr\/en\/wp-json\/wp\/v2\/product_tag?post=1162"}],"curies":[{"name":"wp","href":"https:\/\/api.w.org\/{rel}","templated":true}]}}